{"id":1109,"date":"2022-06-21T22:03:15","date_gmt":"2022-06-22T02:03:15","guid":{"rendered":"https:\/\/www.steen.quebec\/?page_id=1109"},"modified":"2025-03-03T13:45:47","modified_gmt":"2025-03-03T18:45:47","slug":"delegue-sociaux","status":"publish","type":"page","link":"https:\/\/www.steen.quebec\/index.php\/structure-organisationnelle\/delegue-sociaux\/","title":{"rendered":"D\u00e9l\u00e9gu\u00e9 sociaux"},"content":{"rendered":"<div id=\"pl-1109\"  class=\"panel-layout\" ><div id=\"pg-1109-0\"  class=\"panel-grid panel-no-style\" ><div id=\"pgc-1109-0-0\"  class=\"panel-grid-cell\" ><div id=\"panel-1109-0-0-0\" class=\"so-panel widget widget_sow-editor panel-first-child panel-last-child\" data-index=\"0\" ><div class=\"panel-widget-style panel-widget-style-for-1109-0-0-0\" ><div\n\t\t\t\n\t\t\tclass=\"so-widget-sow-editor so-widget-sow-editor-base\"\n\t\t\t\n\t\t>\n<div class=\"siteorigin-widget-tinymce textwidget\">\n\t<h1 style=\"text-align: center;\">D\u00e9l\u00e9gu\u00e9 Sociaux<\/h1>\n<p><img loading=\"lazy\" decoding=\"async\" class=\"size-full wp-image-1229 aligncenter\" src=\"https:\/\/www.steen.quebec\/wp-content\/uploads\/2022\/12\/Capture-decran_20221206_115346.png\" alt=\"\" width=\"123\" height=\"117\" \/><\/p>\n<h3 style=\"text-align: center;\">Membres en poste:<\/h3>\n<div style=\"overflow-x: auto;\">\n<table class=\" aligncenter\" style=\"width: 626px;\" border=\"0\" cellspacing=\"0\" cellpadding=\"5\">\n<tbody>\n<tr>\n<td style=\"width: 50%; text-align: center;\"><strong>Photo<\/strong><\/td>\n<td style=\"width: 50%;\"><strong>Membres en poste<\/strong><\/td>\n<\/tr>\n<tr>\n<td><img loading=\"lazy\" decoding=\"async\" class=\"wp-image-1483 size-medium aligncenter\" src=\"https:\/\/www.steen.quebec\/wp-content\/uploads\/2023\/02\/20230220_102140-400x400.jpg\" alt=\"\" width=\"200\" height=\"200\" srcset=\"https:\/\/www.steen.quebec\/wp-content\/uploads\/2023\/02\/20230220_102140-400x400.jpg 400w, https:\/\/www.steen.quebec\/wp-content\/uploads\/2023\/02\/20230220_102140-1024x1024.jpg 1024w, https:\/\/www.steen.quebec\/wp-content\/uploads\/2023\/02\/20230220_102140-150x150.jpg 150w, https:\/\/www.steen.quebec\/wp-content\/uploads\/2023\/02\/20230220_102140-768x768.jpg 768w, https:\/\/www.steen.quebec\/wp-content\/uploads\/2023\/02\/20230220_102140-1536x1536.jpg 1536w, https:\/\/www.steen.quebec\/wp-content\/uploads\/2023\/02\/20230220_102140-2048x2048.jpg 2048w, https:\/\/www.steen.quebec\/wp-content\/uploads\/2023\/02\/20230220_102140-600x600.jpg 600w, https:\/\/www.steen.quebec\/wp-content\/uploads\/2023\/02\/20230220_102140-300x300.jpg 300w, https:\/\/www.steen.quebec\/wp-content\/uploads\/2023\/02\/20230220_102140-100x100.jpg 100w\" sizes=\"auto, (max-width: 200px) 100vw, 200px\" \/><\/td>\n<td>Samuel Maltais, 900Dupont<\/td>\n<\/tr>\n<tr>\n<td><img loading=\"lazy\" decoding=\"async\" class=\"size-full wp-image-1223 aligncenter\" src=\"https:\/\/www.steen.quebec\/wp-content\/uploads\/2022\/12\/Capture-decran_20221206_114329.png\" alt=\"\" width=\"200\" height=\"200\" srcset=\"https:\/\/www.steen.quebec\/wp-content\/uploads\/2022\/12\/Capture-decran_20221206_114329.png 129w, https:\/\/www.steen.quebec\/wp-content\/uploads\/2022\/12\/Capture-decran_20221206_114329-100x100.png 100w\" sizes=\"auto, (max-width: 200px) 100vw, 200px\" \/><\/td>\n<td>Marc Fortin, 900Dupont \/td&gt;<\/td>\n<\/tr>\n<tr>\n<td><img loading=\"lazy\" decoding=\"async\" class=\"size-full wp-image-1223 aligncenter\" src=\"https:\/\/www.steen.quebec\/wp-content\/uploads\/2022\/12\/Capture-decran_20221206_114329.png\" alt=\"\" width=\"200\" height=\"200\" srcset=\"https:\/\/www.steen.quebec\/wp-content\/uploads\/2022\/12\/Capture-decran_20221206_114329.png 129w, https:\/\/www.steen.quebec\/wp-content\/uploads\/2022\/12\/Capture-decran_20221206_114329-100x100.png 100w\" sizes=\"auto, (max-width: 200px) 100vw, 200px\" \/><\/td>\n<td>Jean-francois Arbour, CCP<\/td>\n<\/tr>\n<tr>\n<td><img loading=\"lazy\" decoding=\"async\" class=\"wp-image-1484 size-medium aligncenter\" src=\"https:\/\/www.steen.quebec\/wp-content\/uploads\/2023\/02\/20230220_102153-400x400.jpg\" alt=\"\" width=\"200\" height=\"200\" srcset=\"https:\/\/www.steen.quebec\/wp-content\/uploads\/2023\/02\/20230220_102153-400x400.jpg 400w, https:\/\/www.steen.quebec\/wp-content\/uploads\/2023\/02\/20230220_102153-1024x1024.jpg 1024w, https:\/\/www.steen.quebec\/wp-content\/uploads\/2023\/02\/20230220_102153-150x150.jpg 150w, https:\/\/www.steen.quebec\/wp-content\/uploads\/2023\/02\/20230220_102153-768x768.jpg 768w, https:\/\/www.steen.quebec\/wp-content\/uploads\/2023\/02\/20230220_102153-1536x1536.jpg 1536w, https:\/\/www.steen.quebec\/wp-content\/uploads\/2023\/02\/20230220_102153-2048x2048.jpg 2048w, https:\/\/www.steen.quebec\/wp-content\/uploads\/2023\/02\/20230220_102153-600x600.jpg 600w, https:\/\/www.steen.quebec\/wp-content\/uploads\/2023\/02\/20230220_102153-300x300.jpg 300w, https:\/\/www.steen.quebec\/wp-content\/uploads\/2023\/02\/20230220_102153-100x100.jpg 100w\" sizes=\"auto, (max-width: 200px) 100vw, 200px\" \/><\/td>\n<td>Marie-Pierre Larouche, Magasin CIM<\/td>\n<\/tr>\n<tr>\n<td><img loading=\"lazy\" decoding=\"async\" class=\"wp-image-1482 size-medium aligncenter\" src=\"https:\/\/www.steen.quebec\/wp-content\/uploads\/2023\/02\/20230220_102529-1-400x400.jpg\" alt=\"\" width=\"200\" height=\"200\" srcset=\"https:\/\/www.steen.quebec\/wp-content\/uploads\/2023\/02\/20230220_102529-1-400x400.jpg 400w, https:\/\/www.steen.quebec\/wp-content\/uploads\/2023\/02\/20230220_102529-1-1024x1024.jpg 1024w, https:\/\/www.steen.quebec\/wp-content\/uploads\/2023\/02\/20230220_102529-1-150x150.jpg 150w, https:\/\/www.steen.quebec\/wp-content\/uploads\/2023\/02\/20230220_102529-1-768x768.jpg 768w, https:\/\/www.steen.quebec\/wp-content\/uploads\/2023\/02\/20230220_102529-1-1536x1536.jpg 1536w, https:\/\/www.steen.quebec\/wp-content\/uploads\/2023\/02\/20230220_102529-1-2048x2048.jpg 2048w, https:\/\/www.steen.quebec\/wp-content\/uploads\/2023\/02\/20230220_102529-1-600x600.jpg 600w, https:\/\/www.steen.quebec\/wp-content\/uploads\/2023\/02\/20230220_102529-1-300x300.jpg 300w, https:\/\/www.steen.quebec\/wp-content\/uploads\/2023\/02\/20230220_102529-1-100x100.jpg 100w\" sizes=\"auto, (max-width: 200px) 100vw, 200px\" \/><\/td>\n<td>\u00c9ric C Tremblay, CCP<\/td>\n<\/tr>\n<\/tbody>\n<\/table>\n<\/div>\n<h3 style=\"text-align: center;\">Pour nous joindre par t\u00e9l\u00e9phone, nos num\u00e9ro sont disponible au bureau.<\/h3>\n<\/div>\n<\/div><\/div><\/div><\/div><\/div><\/div>","protected":false},"excerpt":{"rendered":"<p>D\u00e9l\u00e9gu\u00e9 Sociaux Membres en poste: Photo Membres en poste Samuel Maltais, 900Dupont Marc Fortin, 900Dupont \/td&gt; Jean-francois Arbour, CCP Marie-Pierre Larouche, Magasin CIM \u00c9ric C Tremblay, CCP Pour nous joindre par t\u00e9l\u00e9phone, nos num\u00e9ro sont disponible au bureau.<\/p>\n","protected":false},"author":6,"featured_media":0,"parent":1216,"menu_order":0,"comment_status":"closed","ping_status":"closed","template":"","meta":{"footnotes":"","_links_to":"","_links_to_target":""},"class_list":["post-1109","page","type-page","status-publish","hentry","entry","owp-thumbs-layout-horizontal","owp-btn-normal","owp-tabs-layout-horizontal","has-no-thumbnails","has-product-nav"],"_links":{"self":[{"href":"https:\/\/www.steen.quebec\/index.php\/wp-json\/wp\/v2\/pages\/1109","targetHints":{"allow":["GET"]}}],"collection":[{"href":"https:\/\/www.steen.quebec\/index.php\/wp-json\/wp\/v2\/pages"}],"about":[{"href":"https:\/\/www.steen.quebec\/index.php\/wp-json\/wp\/v2\/types\/page"}],"author":[{"embeddable":true,"href":"https:\/\/www.steen.quebec\/index.php\/wp-json\/wp\/v2\/users\/6"}],"replies":[{"embeddable":true,"href":"https:\/\/www.steen.quebec\/index.php\/wp-json\/wp\/v2\/comments?post=1109"}],"version-history":[{"count":14,"href":"https:\/\/www.steen.quebec\/index.php\/wp-json\/wp\/v2\/pages\/1109\/revisions"}],"predecessor-version":[{"id":1848,"href":"https:\/\/www.steen.quebec\/index.php\/wp-json\/wp\/v2\/pages\/1109\/revisions\/1848"}],"up":[{"embeddable":true,"href":"https:\/\/www.steen.quebec\/index.php\/wp-json\/wp\/v2\/pages\/1216"}],"wp:attachment":[{"href":"https:\/\/www.steen.quebec\/index.php\/wp-json\/wp\/v2\/media?parent=1109"}],"curies":[{"name":"wp","href":"https:\/\/api.w.org\/{rel}","templated":true}]}}