{"id":1199,"date":"2022-12-06T09:53:55","date_gmt":"2022-12-06T14:53:55","guid":{"rendered":"https:\/\/www.steen.quebec\/?page_id=1199"},"modified":"2024-10-15T15:40:35","modified_gmt":"2024-10-15T19:40:35","slug":"conseil-syndicales","status":"publish","type":"page","link":"https:\/\/www.steen.quebec\/index.php\/structure-organisationnelle\/conseil-syndicales\/","title":{"rendered":"Conseil Syndicales"},"content":{"rendered":"<div id=\"pl-1199\"  class=\"panel-layout\" ><div id=\"pg-1199-0\"  class=\"panel-grid panel-no-style\" ><div id=\"pgc-1199-0-0\"  class=\"panel-grid-cell\" ><div id=\"panel-1199-0-0-0\" class=\"so-panel widget widget_sow-editor panel-first-child panel-last-child\" data-index=\"0\" ><div\n\t\t\t\n\t\t\tclass=\"so-widget-sow-editor so-widget-sow-editor-base\"\n\t\t\t\n\t\t>\n<div class=\"siteorigin-widget-tinymce textwidget\">\n\t<h1 style=\"text-align: center;\">Conseil Syndical<\/h1>\n<p><img loading=\"lazy\" decoding=\"async\" class=\"alignnone size-full wp-image-1222 aligncenter\" src=\"https:\/\/www.steen.quebec\/wp-content\/uploads\/2022\/12\/Capture-decran_20221206_114306.png\" alt=\"\" width=\"141\" height=\"133\" \/><\/p>\n<p>&nbsp;<\/p>\n<h3 style=\"text-align: center;\">Membres en poste et poste vacant :<\/h3>\n<div style=\"overflow-x: auto;\">\n<table class=\" aligncenter\" style=\"width: 626px;\" border=\"0\" cellspacing=\"0\" cellpadding=\"5\">\n<tbody>\n<tr>\n<td style=\"width: 50%; text-align: center;\"><strong>Photo<\/strong><\/td>\n<td style=\"width: 50%;\"><strong>Membres du Conseil Syndical<\/strong><\/td>\n<\/tr>\n<tr>\n<td><img loading=\"lazy\" decoding=\"async\" class=\"size-full wp-image-1223 aligncenter\" src=\"https:\/\/www.steen.quebec\/wp-content\/uploads\/2022\/12\/Capture-decran_20221206_114329.png\" alt=\"\" width=\"200\" height=\"200\" srcset=\"https:\/\/www.steen.quebec\/wp-content\/uploads\/2022\/12\/Capture-decran_20221206_114329.png 129w, https:\/\/www.steen.quebec\/wp-content\/uploads\/2022\/12\/Capture-decran_20221206_114329-100x100.png 100w\" sizes=\"auto, (max-width: 200px) 100vw, 200px\" \/><\/td>\n<td>Pierre B\u00e9dard, Groupe blanc, CCP<\/td>\n<\/tr>\n<tr>\n<td><img loading=\"lazy\" decoding=\"async\" class=\"size-medium wp-image-1303 aligncenter\" src=\"https:\/\/www.steen.quebec\/wp-content\/uploads\/2022\/12\/20221207_171947-400x400.jpg\" alt=\"\" width=\"200\" height=\"200\" srcset=\"https:\/\/www.steen.quebec\/wp-content\/uploads\/2022\/12\/20221207_171947-400x400.jpg 400w, https:\/\/www.steen.quebec\/wp-content\/uploads\/2022\/12\/20221207_171947-1024x1024.jpg 1024w, https:\/\/www.steen.quebec\/wp-content\/uploads\/2022\/12\/20221207_171947-150x150.jpg 150w, https:\/\/www.steen.quebec\/wp-content\/uploads\/2022\/12\/20221207_171947-768x768.jpg 768w, https:\/\/www.steen.quebec\/wp-content\/uploads\/2022\/12\/20221207_171947-1536x1536.jpg 1536w, https:\/\/www.steen.quebec\/wp-content\/uploads\/2022\/12\/20221207_171947-2048x2048.jpg 2048w, https:\/\/www.steen.quebec\/wp-content\/uploads\/2022\/12\/20221207_171947-600x600.jpg 600w, https:\/\/www.steen.quebec\/wp-content\/uploads\/2022\/12\/20221207_171947-300x300.jpg 300w, https:\/\/www.steen.quebec\/wp-content\/uploads\/2022\/12\/20221207_171947-100x100.jpg 100w\" sizes=\"auto, (max-width: 200px) 100vw, 200px\" \/><\/td>\n<td>Mathieu Bouchard, Groupe Bleu, CCP<\/td>\n<\/tr>\n<tr>\n<td><img loading=\"lazy\" decoding=\"async\" class=\"size-medium wp-image-1297 aligncenter\" src=\"https:\/\/www.steen.quebec\/wp-content\/uploads\/2022\/12\/20221207_150006-400x400.jpg\" alt=\"\" width=\"200\" height=\"200\" srcset=\"https:\/\/www.steen.quebec\/wp-content\/uploads\/2022\/12\/20221207_150006-400x400.jpg 400w, https:\/\/www.steen.quebec\/wp-content\/uploads\/2022\/12\/20221207_150006-1024x1024.jpg 1024w, https:\/\/www.steen.quebec\/wp-content\/uploads\/2022\/12\/20221207_150006-150x150.jpg 150w, https:\/\/www.steen.quebec\/wp-content\/uploads\/2022\/12\/20221207_150006-768x768.jpg 768w, https:\/\/www.steen.quebec\/wp-content\/uploads\/2022\/12\/20221207_150006-1536x1536.jpg 1536w, https:\/\/www.steen.quebec\/wp-content\/uploads\/2022\/12\/20221207_150006-2048x2048.jpg 2048w, https:\/\/www.steen.quebec\/wp-content\/uploads\/2022\/12\/20221207_150006-600x600.jpg 600w, https:\/\/www.steen.quebec\/wp-content\/uploads\/2022\/12\/20221207_150006-300x300.jpg 300w, https:\/\/www.steen.quebec\/wp-content\/uploads\/2022\/12\/20221207_150006-100x100.jpg 100w\" sizes=\"auto, (max-width: 200px) 100vw, 200px\" \/><\/td>\n<td>Patrick Bouchard,NR de Menuiserie, 900Dupont<\/td>\n<\/tr>\n<tr>\n<td><img loading=\"lazy\" decoding=\"async\" class=\"size-full wp-image-1223 aligncenter\" src=\"https:\/\/www.steen.quebec\/wp-content\/uploads\/2022\/12\/Capture-decran_20221206_114329.png\" alt=\"\" width=\"200\" height=\"200\" srcset=\"https:\/\/www.steen.quebec\/wp-content\/uploads\/2022\/12\/Capture-decran_20221206_114329.png 129w, https:\/\/www.steen.quebec\/wp-content\/uploads\/2022\/12\/Capture-decran_20221206_114329-100x100.png 100w\" sizes=\"auto, (max-width: 200px) 100vw, 200px\" \/><\/td>\n<td>VACANT, M\u00e9canicien et atelier fabrication, CIM<\/td>\n<\/tr>\n<tr>\n<td><img loading=\"lazy\" decoding=\"async\" class=\"size-medium wp-image-1298 aligncenter\" src=\"https:\/\/www.steen.quebec\/wp-content\/uploads\/2022\/12\/20221207_144500-400x400.jpg\" alt=\"\" width=\"200\" height=\"200\" srcset=\"https:\/\/www.steen.quebec\/wp-content\/uploads\/2022\/12\/20221207_144500-400x400.jpg 400w, https:\/\/www.steen.quebec\/wp-content\/uploads\/2022\/12\/20221207_144500-1024x1024.jpg 1024w, https:\/\/www.steen.quebec\/wp-content\/uploads\/2022\/12\/20221207_144500-150x150.jpg 150w, https:\/\/www.steen.quebec\/wp-content\/uploads\/2022\/12\/20221207_144500-768x768.jpg 768w, https:\/\/www.steen.quebec\/wp-content\/uploads\/2022\/12\/20221207_144500-1536x1536.jpg 1536w, https:\/\/www.steen.quebec\/wp-content\/uploads\/2022\/12\/20221207_144500-2048x2048.jpg 2048w, https:\/\/www.steen.quebec\/wp-content\/uploads\/2022\/12\/20221207_144500-600x600.jpg 600w, https:\/\/www.steen.quebec\/wp-content\/uploads\/2022\/12\/20221207_144500-300x300.jpg 300w, https:\/\/www.steen.quebec\/wp-content\/uploads\/2022\/12\/20221207_144500-100x100.jpg 100w\" sizes=\"auto, (max-width: 200px) 100vw, 200px\" \/><\/td>\n<td>Mathieu Brassard, Essais &amp; analyses, 900 Dupont<\/td>\n<\/tr>\n<tr>\n<td><img loading=\"lazy\" decoding=\"async\" class=\"size-medium wp-image-1326 aligncenter\" src=\"https:\/\/www.steen.quebec\/wp-content\/uploads\/2022\/12\/20221212_093043-1-400x400.jpg\" alt=\"\" width=\"200\" height=\"200\" srcset=\"https:\/\/www.steen.quebec\/wp-content\/uploads\/2022\/12\/20221212_093043-1-400x400.jpg 400w, https:\/\/www.steen.quebec\/wp-content\/uploads\/2022\/12\/20221212_093043-1-1024x1024.jpg 1024w, https:\/\/www.steen.quebec\/wp-content\/uploads\/2022\/12\/20221212_093043-1-150x150.jpg 150w\" sizes=\"auto, (max-width: 200px) 100vw, 200px\" \/><\/td>\n<td>Charles Gagn\u00e9, NR du civil, 900 Dupont<\/td>\n<\/tr>\n<tr>\n<td><img loading=\"lazy\" decoding=\"async\" class=\"size-medium wp-image-1404 aligncenter\" src=\"https:\/\/www.steen.quebec\/wp-content\/uploads\/2023\/01\/20230110_162755-400x400.jpg\" alt=\"\" width=\"200\" height=\"200\" srcset=\"https:\/\/www.steen.quebec\/wp-content\/uploads\/2023\/01\/20230110_162755-400x400.jpg 400w, https:\/\/www.steen.quebec\/wp-content\/uploads\/2023\/01\/20230110_162755-1024x1024.jpg 1024w, https:\/\/www.steen.quebec\/wp-content\/uploads\/2023\/01\/20230110_162755-150x150.jpg 150w, https:\/\/www.steen.quebec\/wp-content\/uploads\/2023\/01\/20230110_162755-768x768.jpg 768w, https:\/\/www.steen.quebec\/wp-content\/uploads\/2023\/01\/20230110_162755-1536x1536.jpg 1536w, https:\/\/www.steen.quebec\/wp-content\/uploads\/2023\/01\/20230110_162755-2048x2048.jpg 2048w, https:\/\/www.steen.quebec\/wp-content\/uploads\/2023\/01\/20230110_162755-600x600.jpg 600w, https:\/\/www.steen.quebec\/wp-content\/uploads\/2023\/01\/20230110_162755-300x300.jpg 300w, https:\/\/www.steen.quebec\/wp-content\/uploads\/2023\/01\/20230110_162755-100x100.jpg 100w\" sizes=\"auto, (max-width: 200px) 100vw, 200px\" \/><\/td>\n<td>Eric Lavoie, Electricien et garage(CNE), CIM<\/td>\n<\/tr>\n<tr>\n<td><img loading=\"lazy\" decoding=\"async\" class=\"size-medium wp-image-1313 aligncenter\" src=\"https:\/\/www.steen.quebec\/wp-content\/uploads\/2022\/12\/20221207_150625-400x400.jpg\" alt=\"\" width=\"200\" height=\"200\" srcset=\"https:\/\/www.steen.quebec\/wp-content\/uploads\/2022\/12\/20221207_150625-400x400.jpg 400w, https:\/\/www.steen.quebec\/wp-content\/uploads\/2022\/12\/20221207_150625-1024x1024.jpg 1024w, https:\/\/www.steen.quebec\/wp-content\/uploads\/2022\/12\/20221207_150625-150x150.jpg 150w, https:\/\/www.steen.quebec\/wp-content\/uploads\/2022\/12\/20221207_150625-768x768.jpg 768w, https:\/\/www.steen.quebec\/wp-content\/uploads\/2022\/12\/20221207_150625-1536x1536.jpg 1536w, https:\/\/www.steen.quebec\/wp-content\/uploads\/2022\/12\/20221207_150625-2048x2048.jpg 2048w, https:\/\/www.steen.quebec\/wp-content\/uploads\/2022\/12\/20221207_150625-600x600.jpg 600w, https:\/\/www.steen.quebec\/wp-content\/uploads\/2022\/12\/20221207_150625-300x300.jpg 300w, https:\/\/www.steen.quebec\/wp-content\/uploads\/2022\/12\/20221207_150625-100x100.jpg 100w\" sizes=\"auto, (max-width: 200px) 100vw, 200px\" \/><\/td>\n<td>Vincent Leduc, Lignes, 900 Dupons<\/td>\n<\/tr>\n<tr>\n<td><img loading=\"lazy\" decoding=\"async\" class=\"size-medium wp-image-1295 aligncenter\" src=\"https:\/\/www.steen.quebec\/wp-content\/uploads\/2022\/12\/20221207_150156-400x400.jpg\" alt=\"\" width=\"200\" height=\"200\" srcset=\"https:\/\/www.steen.quebec\/wp-content\/uploads\/2022\/12\/20221207_150156-400x400.jpg 400w, https:\/\/www.steen.quebec\/wp-content\/uploads\/2022\/12\/20221207_150156-1024x1024.jpg 1024w, https:\/\/www.steen.quebec\/wp-content\/uploads\/2022\/12\/20221207_150156-150x150.jpg 150w\" sizes=\"auto, (max-width: 200px) 100vw, 200px\" \/><\/td>\n<td>Eric Martin, Op\u00e9ration, CIM &amp; CCR<\/td>\n<\/tr>\n<tr>\n<td><img loading=\"lazy\" decoding=\"async\" class=\"aligncenter wp-image-1407 size-medium\" src=\"https:\/\/www.steen.quebec\/wp-content\/uploads\/2023\/01\/20230110_140308-400x400.jpg\" alt=\"\" width=\"200\" height=\"200\" srcset=\"https:\/\/www.steen.quebec\/wp-content\/uploads\/2023\/01\/20230110_140308-400x400.jpg 400w, https:\/\/www.steen.quebec\/wp-content\/uploads\/2023\/01\/20230110_140308-1024x1024.jpg 1024w, https:\/\/www.steen.quebec\/wp-content\/uploads\/2023\/01\/20230110_140308-150x150.jpg 150w, https:\/\/www.steen.quebec\/wp-content\/uploads\/2023\/01\/20230110_140308-768x768.jpg 768w, https:\/\/www.steen.quebec\/wp-content\/uploads\/2023\/01\/20230110_140308-1536x1536.jpg 1536w, https:\/\/www.steen.quebec\/wp-content\/uploads\/2023\/01\/20230110_140308-2048x2048.jpg 2048w, https:\/\/www.steen.quebec\/wp-content\/uploads\/2023\/01\/20230110_140308-600x600.jpg 600w, https:\/\/www.steen.quebec\/wp-content\/uploads\/2023\/01\/20230110_140308-300x300.jpg 300w, https:\/\/www.steen.quebec\/wp-content\/uploads\/2023\/01\/20230110_140308-100x100.jpg 100w\" sizes=\"auto, (max-width: 200px) 100vw, 200px\" \/><\/td>\n<td>Samuel Boudreault, NR Mecanicien, CNE<\/td>\n<\/tr>\n<tr>\n<td><img loading=\"lazy\" decoding=\"async\" class=\"size-full wp-image-1223 aligncenter\" src=\"https:\/\/www.steen.quebec\/wp-content\/uploads\/2022\/12\/Capture-decran_20221206_114329.png\" alt=\"\" width=\"200\" height=\"200\" srcset=\"https:\/\/www.steen.quebec\/wp-content\/uploads\/2022\/12\/Capture-decran_20221206_114329.png 129w, https:\/\/www.steen.quebec\/wp-content\/uploads\/2022\/12\/Capture-decran_20221206_114329-100x100.png 100w\" sizes=\"auto, (max-width: 200px) 100vw, 200px\" \/><\/td>\n<td>Yoan Chalifour, NR soudeurs, CNE<\/td>\n<\/tr>\n<tr>\n<td><img loading=\"lazy\" decoding=\"async\" class=\"size-medium wp-image-1294 aligncenter\" src=\"https:\/\/www.steen.quebec\/wp-content\/uploads\/2022\/12\/20221207_145556-400x400.jpg\" alt=\"\" width=\"200\" height=\"200\" srcset=\"https:\/\/www.steen.quebec\/wp-content\/uploads\/2022\/12\/20221207_145556-400x400.jpg 400w, https:\/\/www.steen.quebec\/wp-content\/uploads\/2022\/12\/20221207_145556-1024x1024.jpg 1024w, https:\/\/www.steen.quebec\/wp-content\/uploads\/2022\/12\/20221207_145556-150x150.jpg 150w, https:\/\/www.steen.quebec\/wp-content\/uploads\/2022\/12\/20221207_145556-768x768.jpg 768w, https:\/\/www.steen.quebec\/wp-content\/uploads\/2022\/12\/20221207_145556-1536x1536.jpg 1536w, https:\/\/www.steen.quebec\/wp-content\/uploads\/2022\/12\/20221207_145556-2048x2048.jpg 2048w, https:\/\/www.steen.quebec\/wp-content\/uploads\/2022\/12\/20221207_145556-600x600.jpg 600w, https:\/\/www.steen.quebec\/wp-content\/uploads\/2022\/12\/20221207_145556-300x300.jpg 300w, https:\/\/www.steen.quebec\/wp-content\/uploads\/2022\/12\/20221207_145556-100x100.jpg 100w\" sizes=\"auto, (max-width: 200px) 100vw, 200px\" \/><\/td>\n<td>Maxime Tremblay,NR Electricien, CNE<\/td>\n<\/tr>\n<tr>\n<td><img loading=\"lazy\" decoding=\"async\" class=\"size-full wp-image-1223 aligncenter\" src=\"https:\/\/www.steen.quebec\/wp-content\/uploads\/2022\/12\/Capture-decran_20221206_114329.png\" alt=\"\" width=\"200\" height=\"200\" srcset=\"https:\/\/www.steen.quebec\/wp-content\/uploads\/2022\/12\/Capture-decran_20221206_114329.png 129w, https:\/\/www.steen.quebec\/wp-content\/uploads\/2022\/12\/Capture-decran_20221206_114329-100x100.png 100w\" sizes=\"auto, (max-width: 200px) 100vw, 200px\" \/><\/td>\n<td>Alexandre T, CCD et CCS<\/td>\n<\/tr>\n<tr>\n<td><img loading=\"lazy\" decoding=\"async\" class=\"size-full wp-image-1223 aligncenter\" src=\"https:\/\/www.steen.quebec\/wp-content\/uploads\/2022\/12\/Capture-decran_20221206_114329.png\" alt=\"\" width=\"200\" height=\"200\" srcset=\"https:\/\/www.steen.quebec\/wp-content\/uploads\/2022\/12\/Capture-decran_20221206_114329.png 129w, https:\/\/www.steen.quebec\/wp-content\/uploads\/2022\/12\/Capture-decran_20221206_114329-100x100.png 100w\" sizes=\"auto, (max-width: 200px) 100vw, 200px\" \/><\/td>\n<td>John Doe(Vacant), Commis et magasin<\/td>\n<\/tr>\n<\/tbody>\n<\/table>\n<\/div>\n<p>&nbsp;<\/p>\n<h3><\/h3>\n<h3><\/h3>\n<h3><\/h3>\n<h3><\/h3>\n<h3><\/h3>\n<h3><\/h3>\n<h3><\/h3>\n<h3><\/h3>\n<h3><\/h3>\n<h3><\/h3>\n<h3><\/h3>\n<h3><\/h3>\n<h3><\/h3>\n<h3><\/h3>\n<h3><\/h3>\n<h3><\/h3>\n<h3><\/h3>\n<h3><\/h3>\n<h3><\/h3>\n<h3><\/h3>\n<h3><\/h3>\n<h3><\/h3>\n<h3><\/h3>\n<h3><\/h3>\n<h3><\/h3>\n<h3><\/h3>\n<h3><\/h3>\n<h3><\/h3>\n<h3><\/h3>\n<h3><\/h3>\n<h3><\/h3>\n<h3><\/h3>\n<h3><\/h3>\n<h3><\/h3>\n<h3><\/h3>\n<h3><\/h3>\n<h3><\/h3>\n<h3><\/h3>\n<h3><\/h3>\n<h3><\/h3>\n<h3><\/h3>\n<h3><\/h3>\n<h3><\/h3>\n<h3><\/h3>\n<h3><\/h3>\n<h3 style=\"text-align: center;\">Pour nous joindre par t\u00e9l\u00e9phone, nos num\u00e9ro sont disponible au bureau.<\/h3>\n<\/div>\n<\/div><\/div><\/div><\/div><\/div>","protected":false},"excerpt":{"rendered":"<p>Conseil Syndical &nbsp; Membres en poste et poste vacant : Photo Membres du Conseil Syndical Pierre B\u00e9dard, Groupe blanc, CCP Mathieu Bouchard, Groupe Bleu, CCP Patrick Bouchard,NR de Menuiserie, 900Dupont VACANT, M\u00e9canicien et atelier fabrication, CIM Mathieu Brassard, Essais &amp; analyses, 900 Dupont Charles Gagn\u00e9, NR du civil, 900 Dupont Eric Lavoie, Electricien et garage(CNE), [&hellip;]<\/p>\n","protected":false},"author":6,"featured_media":0,"parent":1216,"menu_order":0,"comment_status":"closed","ping_status":"closed","template":"","meta":{"footnotes":"","_links_to":"","_links_to_target":""},"class_list":["post-1199","page","type-page","status-publish","hentry","entry","owp-thumbs-layout-horizontal","owp-btn-normal","owp-tabs-layout-horizontal","has-no-thumbnails","has-product-nav"],"_links":{"self":[{"href":"https:\/\/www.steen.quebec\/index.php\/wp-json\/wp\/v2\/pages\/1199","targetHints":{"allow":["GET"]}}],"collection":[{"href":"https:\/\/www.steen.quebec\/index.php\/wp-json\/wp\/v2\/pages"}],"about":[{"href":"https:\/\/www.steen.quebec\/index.php\/wp-json\/wp\/v2\/types\/page"}],"author":[{"embeddable":true,"href":"https:\/\/www.steen.quebec\/index.php\/wp-json\/wp\/v2\/users\/6"}],"replies":[{"embeddable":true,"href":"https:\/\/www.steen.quebec\/index.php\/wp-json\/wp\/v2\/comments?post=1199"}],"version-history":[{"count":21,"href":"https:\/\/www.steen.quebec\/index.php\/wp-json\/wp\/v2\/pages\/1199\/revisions"}],"predecessor-version":[{"id":1273,"href":"https:\/\/www.steen.quebec\/index.php\/wp-json\/wp\/v2\/pages\/1199\/revisions\/1273"}],"up":[{"embeddable":true,"href":"https:\/\/www.steen.quebec\/index.php\/wp-json\/wp\/v2\/pages\/1216"}],"wp:attachment":[{"href":"https:\/\/www.steen.quebec\/index.php\/wp-json\/wp\/v2\/media?parent=1199"}],"curies":[{"name":"wp","href":"https:\/\/api.w.org\/{rel}","templated":true}]}}