{"id":1201,"date":"2022-12-06T09:58:51","date_gmt":"2022-12-06T14:58:51","guid":{"rendered":"https:\/\/www.steen.quebec\/?page_id=1201"},"modified":"2025-05-21T11:28:40","modified_gmt":"2025-05-21T15:28:40","slug":"assurance-et-fond-de-pension","status":"publish","type":"page","link":"https:\/\/www.steen.quebec\/index.php\/structure-organisationnelle\/assurance-et-fond-de-pension\/","title":{"rendered":"Assurance et Fond de pension"},"content":{"rendered":"<div id=\"pl-1201\"  class=\"panel-layout\" ><div id=\"pg-1201-0\"  class=\"panel-grid panel-no-style\" ><div id=\"pgc-1201-0-0\"  class=\"panel-grid-cell\" ><div id=\"panel-1201-0-0-0\" class=\"so-panel widget widget_sow-editor panel-first-child panel-last-child\" data-index=\"0\" ><div class=\"panel-widget-style panel-widget-style-for-1201-0-0-0\" ><div\n\t\t\t\n\t\t\tclass=\"so-widget-sow-editor so-widget-sow-editor-base\"\n\t\t\t\n\t\t>\n<div class=\"siteorigin-widget-tinymce textwidget\">\n\t<h1 style=\"text-align: center;\">Assurance et fond de pension<\/h1>\n<p><img loading=\"lazy\" decoding=\"async\" class=\"wp-image-1233 size-full aligncenter\" src=\"https:\/\/www.steen.quebec\/wp-content\/uploads\/2022\/12\/Capture-decran_20221206_123037.png\" alt=\"\" width=\"103\" height=\"103\" srcset=\"https:\/\/www.steen.quebec\/wp-content\/uploads\/2022\/12\/Capture-decran_20221206_123037.png 103w, https:\/\/www.steen.quebec\/wp-content\/uploads\/2022\/12\/Capture-decran_20221206_123037-100x100.png 100w\" sizes=\"auto, (max-width: 103px) 100vw, 103px\" \/><img loading=\"lazy\" decoding=\"async\" class=\"alignnone size-full wp-image-1228 aligncenter\" src=\"https:\/\/www.steen.quebec\/wp-content\/uploads\/2022\/12\/Capture-decran_20221206_114842.png\" alt=\"\" width=\"114\" height=\"119\" \/><\/p>\n<p>&nbsp;<\/p>\n<h3 style=\"text-align: center;\">Membres en poste :<\/h3>\n<p style=\"text-align: center;\">St\u00e9phane Fortin, Assurance, IA assurance<\/p>\n<hr \/>\n<p style=\"text-align: center;\">Marc-Andr\u00e9 Tremblay, Assurance, Telus Sant\u00e9<\/p>\n<hr \/>\n<p style=\"text-align: center;\">Guillaume Bergeron, Fond de pension, RRFS<\/p>\n<hr \/>\n<p style=\"text-align: center;\">Jean-Francois N\u00e9ron, Fond de pension, RRFS<\/p>\n<hr \/>\n<p style=\"text-align: center;\">Eric Lavoie, Fond de pension, RAPRTA<\/p>\n<h3 style=\"text-align: center;\">Pour nous joindre par t\u00e9l\u00e9phone, nos num\u00e9ro sont disponible au bureau.<\/h3>\n<\/div>\n<\/div><\/div><\/div><\/div><\/div><\/div>","protected":false},"excerpt":{"rendered":"<p>Assurance et fond de pension &nbsp; Membres en poste : St\u00e9phane Fortin, Assurance, IA assurance Marc-Andr\u00e9 Tremblay, Assurance, Telus Sant\u00e9 Guillaume Bergeron, Fond de pension, RRFS Jean-Francois N\u00e9ron, Fond de pension, RRFS Eric Lavoie, Fond de pension, RAPRTA Pour nous joindre par t\u00e9l\u00e9phone, nos num\u00e9ro sont disponible au bureau.<\/p>\n","protected":false},"author":6,"featured_media":0,"parent":1216,"menu_order":0,"comment_status":"closed","ping_status":"closed","template":"","meta":{"footnotes":"","_links_to":"","_links_to_target":""},"class_list":["post-1201","page","type-page","status-publish","hentry","entry","owp-thumbs-layout-horizontal","owp-btn-normal","owp-tabs-layout-horizontal","has-no-thumbnails","has-product-nav"],"_links":{"self":[{"href":"https:\/\/www.steen.quebec\/index.php\/wp-json\/wp\/v2\/pages\/1201","targetHints":{"allow":["GET"]}}],"collection":[{"href":"https:\/\/www.steen.quebec\/index.php\/wp-json\/wp\/v2\/pages"}],"about":[{"href":"https:\/\/www.steen.quebec\/index.php\/wp-json\/wp\/v2\/types\/page"}],"author":[{"embeddable":true,"href":"https:\/\/www.steen.quebec\/index.php\/wp-json\/wp\/v2\/users\/6"}],"replies":[{"embeddable":true,"href":"https:\/\/www.steen.quebec\/index.php\/wp-json\/wp\/v2\/comments?post=1201"}],"version-history":[{"count":13,"href":"https:\/\/www.steen.quebec\/index.php\/wp-json\/wp\/v2\/pages\/1201\/revisions"}],"predecessor-version":[{"id":1851,"href":"https:\/\/www.steen.quebec\/index.php\/wp-json\/wp\/v2\/pages\/1201\/revisions\/1851"}],"up":[{"embeddable":true,"href":"https:\/\/www.steen.quebec\/index.php\/wp-json\/wp\/v2\/pages\/1216"}],"wp:attachment":[{"href":"https:\/\/www.steen.quebec\/index.php\/wp-json\/wp\/v2\/media?parent=1201"}],"curies":[{"name":"wp","href":"https:\/\/api.w.org\/{rel}","templated":true}]}}