{"id":1203,"date":"2022-12-06T09:59:29","date_gmt":"2022-12-06T14:59:29","guid":{"rendered":"https:\/\/www.steen.quebec\/?page_id=1203"},"modified":"2025-05-21T12:10:36","modified_gmt":"2025-05-21T16:10:36","slug":"comite-drat","status":"publish","type":"page","link":"https:\/\/www.steen.quebec\/index.php\/structure-organisationnelle\/comite-drat\/","title":{"rendered":"Comit\u00e9 DRAT"},"content":{"rendered":"<div id=\"pl-1203\"  class=\"panel-layout\" ><div id=\"pg-1203-0\"  class=\"panel-grid panel-no-style\" ><div id=\"pgc-1203-0-0\"  class=\"panel-grid-cell\" ><div id=\"panel-1203-0-0-0\" class=\"so-panel widget widget_sow-editor panel-first-child panel-last-child\" data-index=\"0\" ><div class=\"panel-widget-style panel-widget-style-for-1203-0-0-0\" ><div\n\t\t\t\n\t\t\tclass=\"so-widget-sow-editor so-widget-sow-editor-base\"\n\t\t\t\n\t\t>\n<div class=\"siteorigin-widget-tinymce textwidget\">\n\t<h1 style=\"text-align: center;\">Comit\u00e9 DRAT<\/h1>\n<p><img loading=\"lazy\" decoding=\"async\" class=\"size-full wp-image-1221 aligncenter\" src=\"https:\/\/www.steen.quebec\/wp-content\/uploads\/2022\/12\/Capture-decran_20221206_114226.png\" alt=\"\" width=\"124\" height=\"130\" \/><\/p>\n<h3 style=\"text-align: center;\">Membres en poste :<\/h3>\n<p style=\"text-align: center;\">Mathieu Bilodeau<\/p>\n<hr \/>\n<p style=\"text-align: center;\">Jean-Francois Lapointe<\/p>\n<hr \/>\n<p style=\"text-align: center;\">Jean-Francois N\u00e9ron<\/p>\n<hr \/>\n<p style=\"text-align: center;\">Mathieu Bouchard<\/p>\n<hr \/>\n<p style=\"text-align: center;\">Eric Martin<\/p>\n<hr \/>\n<p style=\"text-align: center;\">Marc Fortin<\/p>\n<hr \/>\n<p style=\"text-align: center;\">Mathieu Boulianne<\/p>\n<p>&nbsp;<\/p>\n<h3 style=\"text-align: center;\">Pour nous joindre par t\u00e9l\u00e9phone, nos num\u00e9ro sont disponible au bureau.<\/h3>\n<\/div>\n<\/div><\/div><\/div><\/div><\/div><\/div>","protected":false},"excerpt":{"rendered":"<p>Comit\u00e9 DRAT Membres en poste : Mathieu Bilodeau Jean-Francois Lapointe Jean-Francois N\u00e9ron Mathieu Bouchard Eric Martin Marc Fortin Mathieu Boulianne &nbsp; Pour nous joindre par t\u00e9l\u00e9phone, nos num\u00e9ro sont disponible au bureau.<\/p>\n","protected":false},"author":6,"featured_media":0,"parent":1216,"menu_order":0,"comment_status":"closed","ping_status":"closed","template":"","meta":{"footnotes":"","_links_to":"","_links_to_target":""},"class_list":["post-1203","page","type-page","status-publish","hentry","entry","owp-thumbs-layout-horizontal","owp-btn-normal","owp-tabs-layout-horizontal","has-no-thumbnails","has-product-nav"],"_links":{"self":[{"href":"https:\/\/www.steen.quebec\/index.php\/wp-json\/wp\/v2\/pages\/1203","targetHints":{"allow":["GET"]}}],"collection":[{"href":"https:\/\/www.steen.quebec\/index.php\/wp-json\/wp\/v2\/pages"}],"about":[{"href":"https:\/\/www.steen.quebec\/index.php\/wp-json\/wp\/v2\/types\/page"}],"author":[{"embeddable":true,"href":"https:\/\/www.steen.quebec\/index.php\/wp-json\/wp\/v2\/users\/6"}],"replies":[{"embeddable":true,"href":"https:\/\/www.steen.quebec\/index.php\/wp-json\/wp\/v2\/comments?post=1203"}],"version-history":[{"count":7,"href":"https:\/\/www.steen.quebec\/index.php\/wp-json\/wp\/v2\/pages\/1203\/revisions"}],"predecessor-version":[{"id":1857,"href":"https:\/\/www.steen.quebec\/index.php\/wp-json\/wp\/v2\/pages\/1203\/revisions\/1857"}],"up":[{"embeddable":true,"href":"https:\/\/www.steen.quebec\/index.php\/wp-json\/wp\/v2\/pages\/1216"}],"wp:attachment":[{"href":"https:\/\/www.steen.quebec\/index.php\/wp-json\/wp\/v2\/media?parent=1203"}],"curies":[{"name":"wp","href":"https:\/\/api.w.org\/{rel}","templated":true}]}}