{"id":1212,"date":"2022-12-06T11:03:32","date_gmt":"2022-12-06T16:03:32","guid":{"rendered":"https:\/\/www.steen.quebec\/?page_id=1212"},"modified":"2024-10-15T15:43:43","modified_gmt":"2024-10-15T19:43:43","slug":"representant-sante-securite","status":"publish","type":"page","link":"https:\/\/www.steen.quebec\/index.php\/structure-organisationnelle\/representant-sante-securite\/","title":{"rendered":"Repr\u00e9sentant Sant\u00e9 S\u00e9curit\u00e9"},"content":{"rendered":"<div id=\"pl-1212\"  class=\"panel-layout\" ><div id=\"pg-1212-0\"  class=\"panel-grid panel-no-style\" ><div id=\"pgc-1212-0-0\"  class=\"panel-grid-cell\" ><div id=\"panel-1212-0-0-0\" class=\"so-panel widget widget_sow-editor panel-first-child panel-last-child\" data-index=\"0\" ><div class=\"panel-widget-style panel-widget-style-for-1212-0-0-0\" ><div\n\t\t\t\n\t\t\tclass=\"so-widget-sow-editor so-widget-sow-editor-base\"\n\t\t\t\n\t\t>\n<div class=\"siteorigin-widget-tinymce textwidget\">\n\t<h1 style=\"text-align: center;\">Repr\u00e9sentant Sant\u00e9 S\u00e9curit\u00e9<\/h1>\n<p><img loading=\"lazy\" decoding=\"async\" class=\"alignnone size-full wp-image-1227 aligncenter\" src=\"https:\/\/www.steen.quebec\/wp-content\/uploads\/2022\/12\/Capture-decran_20221206_114639.png\" alt=\"\" width=\"111\" height=\"113\" \/><\/p>\n<p>&nbsp;<\/p>\n<h3 style=\"text-align: center;\">Pour nous joindre par courrier \u00e9lectronique :<\/h3>\n<div style=\"overflow-x: auto;\">\n<table class=\" aligncenter\" style=\"width: 626px;\" border=\"0\" cellspacing=\"0\" cellpadding=\"5\">\n<tbody>\n<tr>\n<td style=\"width: 50%; text-align: center;\"><strong>Photo<\/strong><\/td>\n<td style=\"width: 50%;\"><strong>Membres de l'ex\u00e9cutif<\/strong><\/td>\n<td style=\"width: 50%;\"><strong>Courriel :<\/strong><\/td>\n<\/tr>\n<tr>\n<td><img loading=\"lazy\" decoding=\"async\" class=\"alignnone size-full wp-image-1223\" src=\"https:\/\/www.steen.quebec\/wp-content\/uploads\/2022\/12\/Capture-decran_20221206_114329.png\" alt=\"\" width=\"200\" height=\"200\" srcset=\"https:\/\/www.steen.quebec\/wp-content\/uploads\/2022\/12\/Capture-decran_20221206_114329.png 129w, https:\/\/www.steen.quebec\/wp-content\/uploads\/2022\/12\/Capture-decran_20221206_114329-100x100.png 100w\" sizes=\"auto, (max-width: 200px) 100vw, 200px\" \/><\/td>\n<td>Jean-Francois Lapointe<br \/>\nRepr\u00e9sentant Sant\u00e9 Securit\u00e9<\/td>\n<td><a href=\"mailto:rpsteen9875@gmail.com\"><strong>rpsteen9875@gmail.com\u00a0<\/strong><\/a><\/td>\n<\/tr>\n<tr>\n<td><img loading=\"lazy\" decoding=\"async\" class=\"alignnone size-full wp-image-1223\" src=\"https:\/\/www.steen.quebec\/wp-content\/uploads\/2022\/12\/Capture-decran_20221206_114329.png\" alt=\"\" width=\"200\" height=\"200\" srcset=\"https:\/\/www.steen.quebec\/wp-content\/uploads\/2022\/12\/Capture-decran_20221206_114329.png 129w, https:\/\/www.steen.quebec\/wp-content\/uploads\/2022\/12\/Capture-decran_20221206_114329-100x100.png 100w\" sizes=\"auto, (max-width: 200px) 100vw, 200px\" \/><\/td>\n<td>Pierre Lavoie<br \/>\nRepr\u00e9sentant Sant\u00e9 Securit\u00e9 Rempla\u00e7ant<\/td>\n<td><a href=\"mailto:rpsteen9875@gmail.com\"><strong>rpsteen9875@gmail.com\u00a0<\/strong><\/a><\/td>\n<\/tr>\n<tr>\n<td><img loading=\"lazy\" decoding=\"async\" class=\"size-medium wp-image-1286 aligncenter\" src=\"https:\/\/www.steen.quebec\/wp-content\/uploads\/2022\/12\/20221207_140902-400x400.jpg\" alt=\"\" width=\"400\" height=\"400\" srcset=\"https:\/\/www.steen.quebec\/wp-content\/uploads\/2022\/12\/20221207_140902-400x400.jpg 400w, https:\/\/www.steen.quebec\/wp-content\/uploads\/2022\/12\/20221207_140902-1024x1024.jpg 1024w, https:\/\/www.steen.quebec\/wp-content\/uploads\/2022\/12\/20221207_140902-150x150.jpg 150w, https:\/\/www.steen.quebec\/wp-content\/uploads\/2022\/12\/20221207_140902-768x768.jpg 768w, https:\/\/www.steen.quebec\/wp-content\/uploads\/2022\/12\/20221207_140902-1536x1536.jpg 1536w, https:\/\/www.steen.quebec\/wp-content\/uploads\/2022\/12\/20221207_140902-2048x2048.jpg 2048w, https:\/\/www.steen.quebec\/wp-content\/uploads\/2022\/12\/20221207_140902-600x600.jpg 600w, https:\/\/www.steen.quebec\/wp-content\/uploads\/2022\/12\/20221207_140902-300x300.jpg 300w, https:\/\/www.steen.quebec\/wp-content\/uploads\/2022\/12\/20221207_140902-100x100.jpg 100w\" sizes=\"auto, (max-width: 400px) 100vw, 400px\" \/><\/td>\n<td>Mathieu Bilodeau, Vice-Pr\u00e9sident Principale + RP<\/td>\n<td><a href=\"mailto:vpprincipalsteen9875@gmail.com\"><strong>vpprincipalsteen9875@gmail.com<\/strong><\/a><\/td>\n<\/tr>\n<\/tbody>\n<\/table>\n<\/div>\n<h3 style=\"text-align: center;\">Pour nous joindre par t\u00e9l\u00e9phone, nos num\u00e9ro sont disponible au bureau.<\/h3>\n<\/div>\n<\/div><\/div><\/div><\/div><\/div><\/div>","protected":false},"excerpt":{"rendered":"<p>Repr\u00e9sentant Sant\u00e9 S\u00e9curit\u00e9 &nbsp; Pour nous joindre par courrier \u00e9lectronique : Photo Membres de l&rsquo;ex\u00e9cutif Courriel : Jean-Francois Lapointe Repr\u00e9sentant Sant\u00e9 Securit\u00e9 rpsteen9875@gmail.com\u00a0 Pierre Lavoie Repr\u00e9sentant Sant\u00e9 Securit\u00e9 Rempla\u00e7ant rpsteen9875@gmail.com\u00a0 Mathieu Bilodeau, Vice-Pr\u00e9sident Principale + RP vpprincipalsteen9875@gmail.com Pour nous joindre par t\u00e9l\u00e9phone, nos num\u00e9ro sont disponible au bureau.<\/p>\n","protected":false},"author":6,"featured_media":0,"parent":1216,"menu_order":0,"comment_status":"closed","ping_status":"closed","template":"","meta":{"footnotes":"","_links_to":"","_links_to_target":""},"class_list":["post-1212","page","type-page","status-publish","hentry","entry","owp-thumbs-layout-horizontal","owp-btn-normal","owp-tabs-layout-horizontal","has-no-thumbnails","has-product-nav"],"_links":{"self":[{"href":"https:\/\/www.steen.quebec\/index.php\/wp-json\/wp\/v2\/pages\/1212","targetHints":{"allow":["GET"]}}],"collection":[{"href":"https:\/\/www.steen.quebec\/index.php\/wp-json\/wp\/v2\/pages"}],"about":[{"href":"https:\/\/www.steen.quebec\/index.php\/wp-json\/wp\/v2\/types\/page"}],"author":[{"embeddable":true,"href":"https:\/\/www.steen.quebec\/index.php\/wp-json\/wp\/v2\/users\/6"}],"replies":[{"embeddable":true,"href":"https:\/\/www.steen.quebec\/index.php\/wp-json\/wp\/v2\/comments?post=1212"}],"version-history":[{"count":11,"href":"https:\/\/www.steen.quebec\/index.php\/wp-json\/wp\/v2\/pages\/1212\/revisions"}],"predecessor-version":[{"id":1790,"href":"https:\/\/www.steen.quebec\/index.php\/wp-json\/wp\/v2\/pages\/1212\/revisions\/1790"}],"up":[{"embeddable":true,"href":"https:\/\/www.steen.quebec\/index.php\/wp-json\/wp\/v2\/pages\/1216"}],"wp:attachment":[{"href":"https:\/\/www.steen.quebec\/index.php\/wp-json\/wp\/v2\/media?parent=1212"}],"curies":[{"name":"wp","href":"https:\/\/api.w.org\/{rel}","templated":true}]}}