{"id":1234,"date":"2022-12-06T12:37:48","date_gmt":"2022-12-06T17:37:48","guid":{"rendered":"https:\/\/www.steen.quebec\/?page_id=1234"},"modified":"2023-07-18T16:00:38","modified_gmt":"2023-07-18T20:00:38","slug":"syndiques","status":"publish","type":"page","link":"https:\/\/www.steen.quebec\/index.php\/structure-organisationnelle\/syndiques\/","title":{"rendered":"V\u00e9rificateurs des livres"},"content":{"rendered":"<div id=\"pl-1234\"  class=\"panel-layout\" ><div id=\"pg-1234-0\"  class=\"panel-grid panel-no-style\" ><div id=\"pgc-1234-0-0\"  class=\"panel-grid-cell\" ><div id=\"panel-1234-0-0-0\" class=\"so-panel widget widget_sow-editor panel-first-child panel-last-child\" data-index=\"0\" ><div class=\"panel-widget-style panel-widget-style-for-1234-0-0-0\" ><div\n\t\t\t\n\t\t\tclass=\"so-widget-sow-editor so-widget-sow-editor-base\"\n\t\t\t\n\t\t>\n<div class=\"siteorigin-widget-tinymce textwidget\">\n\t<h1 style=\"text-align: center;\">Syndiques<\/h1>\n<p><img loading=\"lazy\" decoding=\"async\" class=\"size-full wp-image-1224 aligncenter\" src=\"https:\/\/www.steen.quebec\/wp-content\/uploads\/2022\/12\/Capture-decran_20221206_114417.png\" alt=\"\" width=\"126\" height=\"112\" \/><\/p>\n<h3 style=\"text-align: center;\">Membres en poste:<\/h3>\n<div style=\"overflow-x: auto;\">\n<table class=\" aligncenter\" style=\"width: 626px;\" border=\"0\" cellspacing=\"0\" cellpadding=\"5\">\n<tbody>\n<tr>\n<td style=\"width: 50%; text-align: center;\"><strong>Photo<\/strong><\/td>\n<td style=\"width: 50%;\"><strong>Membres en poste<\/strong><\/td>\n<\/tr>\n<tr>\n<td><img loading=\"lazy\" decoding=\"async\" class=\"size-full wp-image-1223 aligncenter\" src=\"https:\/\/www.steen.quebec\/wp-content\/uploads\/2022\/12\/Capture-decran_20221206_114329.png\" alt=\"\" width=\"200\" height=\"200\" srcset=\"https:\/\/www.steen.quebec\/wp-content\/uploads\/2022\/12\/Capture-decran_20221206_114329.png 129w, https:\/\/www.steen.quebec\/wp-content\/uploads\/2022\/12\/Capture-decran_20221206_114329-100x100.png 100w\" sizes=\"auto, (max-width: 200px) 100vw, 200px\" \/><\/td>\n<td>Jeannot Larouche<\/td>\n<\/tr>\n<tr>\n<td><img loading=\"lazy\" decoding=\"async\" class=\"size-full wp-image-1223 aligncenter\" src=\"https:\/\/www.steen.quebec\/wp-content\/uploads\/2022\/12\/Capture-decran_20221206_114329.png\" alt=\"\" width=\"200\" height=\"200\" srcset=\"https:\/\/www.steen.quebec\/wp-content\/uploads\/2022\/12\/Capture-decran_20221206_114329.png 129w, https:\/\/www.steen.quebec\/wp-content\/uploads\/2022\/12\/Capture-decran_20221206_114329-100x100.png 100w\" sizes=\"auto, (max-width: 200px) 100vw, 200px\" \/><\/td>\n<td>Marc Fortin<\/td>\n<\/tr>\n<tr>\n<td><img loading=\"lazy\" decoding=\"async\" class=\"alignnone wp-image-1313 size-medium\" src=\"https:\/\/www.steen.quebec\/wp-content\/uploads\/2022\/12\/20221207_150625-400x400.jpg\" alt=\"Vincent Leduc\" width=\"200\" height=\"200\" srcset=\"https:\/\/www.steen.quebec\/wp-content\/uploads\/2022\/12\/20221207_150625-400x400.jpg 400w, https:\/\/www.steen.quebec\/wp-content\/uploads\/2022\/12\/20221207_150625-1024x1024.jpg 1024w, https:\/\/www.steen.quebec\/wp-content\/uploads\/2022\/12\/20221207_150625-150x150.jpg 150w, https:\/\/www.steen.quebec\/wp-content\/uploads\/2022\/12\/20221207_150625-768x768.jpg 768w, https:\/\/www.steen.quebec\/wp-content\/uploads\/2022\/12\/20221207_150625-1536x1536.jpg 1536w, https:\/\/www.steen.quebec\/wp-content\/uploads\/2022\/12\/20221207_150625-2048x2048.jpg 2048w, https:\/\/www.steen.quebec\/wp-content\/uploads\/2022\/12\/20221207_150625-600x600.jpg 600w, https:\/\/www.steen.quebec\/wp-content\/uploads\/2022\/12\/20221207_150625-300x300.jpg 300w, https:\/\/www.steen.quebec\/wp-content\/uploads\/2022\/12\/20221207_150625-100x100.jpg 100w\" sizes=\"auto, (max-width: 200px) 100vw, 200px\" \/><\/td>\n<td>Vincent Leduc<\/td>\n<\/tr>\n<tr>\n<td><img loading=\"lazy\" decoding=\"async\" class=\"alignnone wp-image-1403 size-medium\" src=\"https:\/\/www.steen.quebec\/wp-content\/uploads\/2023\/01\/20230110_140315-400x400.jpg\" alt=\"\" width=\"200\" height=\"200\" srcset=\"https:\/\/www.steen.quebec\/wp-content\/uploads\/2023\/01\/20230110_140315-400x400.jpg 400w, https:\/\/www.steen.quebec\/wp-content\/uploads\/2023\/01\/20230110_140315-1024x1024.jpg 1024w, https:\/\/www.steen.quebec\/wp-content\/uploads\/2023\/01\/20230110_140315-150x150.jpg 150w, https:\/\/www.steen.quebec\/wp-content\/uploads\/2023\/01\/20230110_140315-768x768.jpg 768w, https:\/\/www.steen.quebec\/wp-content\/uploads\/2023\/01\/20230110_140315-1536x1536.jpg 1536w, https:\/\/www.steen.quebec\/wp-content\/uploads\/2023\/01\/20230110_140315-2048x2048.jpg 2048w, https:\/\/www.steen.quebec\/wp-content\/uploads\/2023\/01\/20230110_140315-600x600.jpg 600w, https:\/\/www.steen.quebec\/wp-content\/uploads\/2023\/01\/20230110_140315-300x300.jpg 300w, https:\/\/www.steen.quebec\/wp-content\/uploads\/2023\/01\/20230110_140315-100x100.jpg 100w\" sizes=\"auto, (max-width: 200px) 100vw, 200px\" \/><\/td>\n<td>Michael Duchesne<\/td>\n<\/tr>\n<\/tbody>\n<\/table>\n<\/div>\n<h3 style=\"text-align: center;\">Pour nous joindre par t\u00e9l\u00e9phone, nos num\u00e9ro sont disponible au bureau.<\/h3>\n<\/div>\n<\/div><\/div><\/div><\/div><\/div><\/div>","protected":false},"excerpt":{"rendered":"<p>Syndiques Membres en poste: Photo Membres en poste Jeannot Larouche Marc Fortin Vincent Leduc Michael Duchesne Pour nous joindre par t\u00e9l\u00e9phone, nos num\u00e9ro sont disponible au bureau.<\/p>\n","protected":false},"author":6,"featured_media":0,"parent":1216,"menu_order":0,"comment_status":"closed","ping_status":"closed","template":"","meta":{"footnotes":"","_links_to":"","_links_to_target":""},"class_list":["post-1234","page","type-page","status-publish","hentry","entry","owp-thumbs-layout-horizontal","owp-btn-normal","owp-tabs-layout-horizontal","has-no-thumbnails","has-product-nav"],"_links":{"self":[{"href":"https:\/\/www.steen.quebec\/index.php\/wp-json\/wp\/v2\/pages\/1234","targetHints":{"allow":["GET"]}}],"collection":[{"href":"https:\/\/www.steen.quebec\/index.php\/wp-json\/wp\/v2\/pages"}],"about":[{"href":"https:\/\/www.steen.quebec\/index.php\/wp-json\/wp\/v2\/types\/page"}],"author":[{"embeddable":true,"href":"https:\/\/www.steen.quebec\/index.php\/wp-json\/wp\/v2\/users\/6"}],"replies":[{"embeddable":true,"href":"https:\/\/www.steen.quebec\/index.php\/wp-json\/wp\/v2\/comments?post=1234"}],"version-history":[{"count":7,"href":"https:\/\/www.steen.quebec\/index.php\/wp-json\/wp\/v2\/pages\/1234\/revisions"}],"predecessor-version":[{"id":1601,"href":"https:\/\/www.steen.quebec\/index.php\/wp-json\/wp\/v2\/pages\/1234\/revisions\/1601"}],"up":[{"embeddable":true,"href":"https:\/\/www.steen.quebec\/index.php\/wp-json\/wp\/v2\/pages\/1216"}],"wp:attachment":[{"href":"https:\/\/www.steen.quebec\/index.php\/wp-json\/wp\/v2\/media?parent=1234"}],"curies":[{"name":"wp","href":"https:\/\/api.w.org\/{rel}","templated":true}]}}