{"id":1354,"date":"2022-12-20T14:32:21","date_gmt":"2022-12-20T19:32:21","guid":{"rendered":"https:\/\/www.steen.quebec\/?page_id=1354"},"modified":"2024-10-15T14:38:04","modified_gmt":"2024-10-15T18:38:04","slug":"telus-sante","status":"publish","type":"page","link":"https:\/\/www.steen.quebec\/index.php\/assurance\/telus-sante\/","title":{"rendered":"Soins Virtuel"},"content":{"rendered":"<div id=\"pl-1354\"  class=\"panel-layout\" ><div id=\"pg-1354-0\"  class=\"panel-grid panel-no-style\" ><div id=\"pgc-1354-0-0\"  class=\"panel-grid-cell\" ><div id=\"panel-1354-0-0-0\" class=\"so-panel widget widget_nav_menu panel-first-child panel-last-child\" data-index=\"0\" ><div class=\"menu-menu-lateral-telus-container\"><ul id=\"menu-menu-lateral-telus\" class=\"menu\"><li id=\"menu-item-1773\" class=\"menu-item menu-item-type-custom menu-item-object-custom menu-item-1773\"><a href=\"https:\/\/www.steen.quebec\/wp-content\/uploads\/2022\/12\/2a21ac4f_1.png\">Activation<\/a><\/li>\n<li id=\"menu-item-1774\" class=\"menu-item menu-item-type-custom menu-item-object-custom menu-item-1774\"><a href=\"https:\/\/www.steen.quebec\/wp-content\/uploads\/2022\/12\/39d59aa8_1.png\">Comment \u00e7a fonctionne?<\/a><\/li>\n<li id=\"menu-item-1775\" class=\"menu-item menu-item-type-custom menu-item-object-custom menu-item-1775\"><a href=\"https:\/\/www.telus.com\/fr\/health\/organizations\/group-health-benefits\/employers\/virtual-care\/plan-members?_gl=1*1oa76yg*_ga*NzU4MDU0OTM5LjE2NzE1MzgwMzY.*_ga_E6WSNXJ3LR*MTY3Mjc1ODczMS42LjEuMTY3Mjc2MjE3OS42MC4wLjA.#faqs\">FAQ<\/a><\/li>\n<\/ul><\/div><\/div><\/div><div id=\"pgc-1354-0-1\"  class=\"panel-grid-cell\" ><div id=\"panel-1354-0-1-0\" class=\"so-panel widget widget_sow-editor panel-first-child panel-last-child\" data-index=\"1\" ><div\n\t\t\t\n\t\t\tclass=\"so-widget-sow-editor so-widget-sow-editor-base\"\n\t\t\t\n\t\t>\n<div class=\"siteorigin-widget-tinymce textwidget\">\n\t<p><img loading=\"lazy\" decoding=\"async\" class=\"size-medium wp-image-1346 aligncenter\" src=\"https:\/\/www.steen.quebec\/wp-content\/uploads\/2022\/12\/Capture-decran_20221220_140726-1-400x199.png\" alt=\"\" width=\"400\" height=\"199\" srcset=\"https:\/\/www.steen.quebec\/wp-content\/uploads\/2022\/12\/Capture-decran_20221220_140726-1-400x199.png 400w, https:\/\/www.steen.quebec\/wp-content\/uploads\/2022\/12\/Capture-decran_20221220_140726-1-1024x510.png 1024w, https:\/\/www.steen.quebec\/wp-content\/uploads\/2022\/12\/Capture-decran_20221220_140726-1-768x382.png 768w, https:\/\/www.steen.quebec\/wp-content\/uploads\/2022\/12\/Capture-decran_20221220_140726-1-1536x764.png 1536w, https:\/\/www.steen.quebec\/wp-content\/uploads\/2022\/12\/Capture-decran_20221220_140726-1-2048x1019.png 2048w, https:\/\/www.steen.quebec\/wp-content\/uploads\/2022\/12\/Capture-decran_20221220_140726-1-300x149.png 300w, https:\/\/www.steen.quebec\/wp-content\/uploads\/2022\/12\/Capture-decran_20221220_140726-1-600x299.png 600w\" sizes=\"auto, (max-width: 400px) 100vw, 400px\" \/><\/p>\n<p style=\"text-align: center;\">Aux\u00a0membres cotisant au r\u00e9gime d'assurance STEEN,<\/p>\n<p style=\"text-align: center;\">\n<p style=\"text-align: center;\">Le saviez-vous? Soins Virtuels TELUS\u00a0Sant\u00e9 vous permet d\u2019acc\u00e9der aux soins de sant\u00e9 physique et mentale dont vous avez besoin d\u00e8s que vous en avez besoin. Peu importe l\u2019heure qu\u2019il est et l\u2019endroit o\u00f9 vous vous trouvez*, le service est disponible directement sur votre t\u00e9l\u00e9phone ou votre ordinateur, et ce, sans rendez-vous.<\/p>\n<p style=\"text-align: center;\">\n<p style=\"text-align: center;\">Vous devriez avoir re\u00e7u un courriel de TELUS\u00a0Sant\u00e9 vous invitant \u00e0 activer votre compte. Voici un aper\u00e7u de ce que vous trouverez dans l\u2019application une fois que vous aurez activ\u00e9 votre compte\u00a0:<\/p>\n<p style=\"text-align: center;\"><img loading=\"lazy\" decoding=\"async\" class=\"size-medium wp-image-1378 aligncenter\" src=\"https:\/\/www.steen.quebec\/wp-content\/uploads\/2023\/01\/Image1-400x289.png\" alt=\"\" width=\"400\" height=\"289\" srcset=\"https:\/\/www.steen.quebec\/wp-content\/uploads\/2023\/01\/Image1-400x289.png 400w, https:\/\/www.steen.quebec\/wp-content\/uploads\/2023\/01\/Image1-300x217.png 300w, https:\/\/www.steen.quebec\/wp-content\/uploads\/2023\/01\/Image1.png 492w\" sizes=\"auto, (max-width: 400px) 100vw, 400px\" \/><\/p>\n<p style=\"text-align: center;\">Si vous avez des questions au sujet de Soins Virtuels TELUS Sant\u00e9 ou de la fa\u00e7on de configurer votre compte, n\u2019h\u00e9sitez pas \u00e0 communiquer avec nous \u00e0 l\u2019adresse <a href=\"mailto:aide@sv.telussante.com\">aide@sv.telussante.com<\/a>\u00a0 ou contacter avec votre personne ressource local (Marc-Andr\u00e9 Tremblay).<\/p>\n<p style=\"text-align: center;\">\n<p style=\"text-align: center;\">Tous les membres cotisant au r\u00e9gime d'assurance STEEN ont maintenant acc\u00e8s \u00e0 Soins Virtuels TELUS Sant\u00e9. Ce service vous donne un acc\u00e8s sur demande \u00e0 des soins de sant\u00e9, et ce, en tout temps et directement de votre t\u00e9l\u00e9phone, de votre tablette ou de votre ordinateur.<\/p>\n<p style=\"text-align: center;\">\n<p style=\"text-align: center;\"><strong>Qu\u2019est-ce que le service Soins Virtuels TELUS\u00a0Sant\u00e9?<\/strong><\/p>\n<p style=\"text-align: center;\">\n<p style=\"text-align: center;\">Le service Soins Virtuels TELUS Sant\u00e9 vous permet, ainsi qu\u2019\u00e0 votre famille imm\u00e9diate**, d\u2019acc\u00e9der \u00e0 des soins de sant\u00e9. Vous pouvez vous connecter \u00e0 l\u2019application en tout temps et partout au Canada, lorsque vous en avez besoin et obtenir des r\u00e9ponses \u00e0 vos questions ou probl\u00e8mes de sant\u00e9, le tout par messagerie texte ou conversations vid\u00e9o crypt\u00e9es.<\/p>\n<p style=\"text-align: center;\">\n<p style=\"text-align: center;\">L\u2019\u00e9quipe nationale de cliniciens peut vous venir en aide pour r\u00e9pondre \u00e0 un vaste \u00e9ventail de besoins et de pr\u00e9occupations, par exemple\u00a0:<\/p>\n<p style=\"text-align: center;\">\n<p style=\"text-align: center;\"><strong>Vous verrez, c\u2019est facile.<\/strong><\/p>\n<p><strong style=\"text-align: center;\"><img loading=\"lazy\" decoding=\"async\" class=\"aligncenter wp-image-1365 size-full\" src=\"https:\/\/www.steen.quebec\/wp-content\/uploads\/2022\/12\/Image1.png\" alt=\"\" width=\"547\" height=\"253\" srcset=\"https:\/\/www.steen.quebec\/wp-content\/uploads\/2022\/12\/Image1.png 547w, https:\/\/www.steen.quebec\/wp-content\/uploads\/2022\/12\/Image1-400x185.png 400w, https:\/\/www.steen.quebec\/wp-content\/uploads\/2022\/12\/Image1-300x139.png 300w\" sizes=\"auto, (max-width: 547px) 100vw, 547px\" \/><\/strong><\/p>\n<p><strong style=\"text-align: center;\">\u00a0<\/strong><\/p>\n<p>&nbsp;<\/p>\n<p style=\"text-align: center;\">Visionnez <a href=\"https:\/\/www.youtube.com\/watch?v=M6UR_nC2vWY\">cette vid\u00e9o<\/a> pour apprendre comment activer votre compte.<\/p>\n<p style=\"text-align: center;\">\n<p style=\"text-align: center;\">Cordialement,<\/p>\n<p><img loading=\"lazy\" decoding=\"async\" class=\"alignnone wp-image-990 aligncenter\" src=\"https:\/\/www.steen.quebec\/wp-content\/uploads\/2022\/05\/logo-transparent-400x219.png\" alt=\"\" width=\"200\" height=\"109\" srcset=\"https:\/\/www.steen.quebec\/wp-content\/uploads\/2022\/05\/logo-transparent-400x219.png 400w, https:\/\/www.steen.quebec\/wp-content\/uploads\/2022\/05\/logo-transparent-300x164.png 300w, https:\/\/www.steen.quebec\/wp-content\/uploads\/2022\/05\/logo-transparent-600x328.png 600w, https:\/\/www.steen.quebec\/wp-content\/uploads\/2022\/05\/logo-transparent-1024x560.png 1024w, https:\/\/www.steen.quebec\/wp-content\/uploads\/2022\/05\/logo-transparent-768x420.png 768w, https:\/\/www.steen.quebec\/wp-content\/uploads\/2022\/05\/logo-transparent-1320x722.png 1320w, https:\/\/www.steen.quebec\/wp-content\/uploads\/2022\/05\/logo-transparent.png 1500w\" sizes=\"auto, (max-width: 200px) 100vw, 200px\" \/><\/p>\n<p style=\"text-align: center;\">\n<p style=\"text-align: center;\">*\u00a0Service offert au Canada seulement.<\/p>\n<p style=\"text-align: center;\">** conjointe et enfants \u00e0 charge de moins de 26 ans sont admissibles au service.<\/p>\n<\/div>\n<\/div><\/div><\/div><\/div><\/div>","protected":false},"excerpt":{"rendered":"<p>Aux\u00a0membres cotisant au r\u00e9gime d&rsquo;assurance STEEN, Le saviez-vous? Soins Virtuels TELUS\u00a0Sant\u00e9 vous permet d\u2019acc\u00e9der aux soins de sant\u00e9 physique et mentale dont vous avez besoin d\u00e8s que vous en avez besoin. Peu importe l\u2019heure qu\u2019il est et l\u2019endroit o\u00f9 vous vous trouvez*, le service est disponible directement sur votre t\u00e9l\u00e9phone ou votre ordinateur, et ce, [&hellip;]<\/p>\n","protected":false},"author":6,"featured_media":0,"parent":959,"menu_order":0,"comment_status":"closed","ping_status":"closed","template":"","meta":{"footnotes":"","_links_to":"","_links_to_target":""},"class_list":["post-1354","page","type-page","status-publish","hentry","entry","owp-thumbs-layout-horizontal","owp-btn-normal","owp-tabs-layout-horizontal","has-no-thumbnails","has-product-nav"],"_links":{"self":[{"href":"https:\/\/www.steen.quebec\/index.php\/wp-json\/wp\/v2\/pages\/1354","targetHints":{"allow":["GET"]}}],"collection":[{"href":"https:\/\/www.steen.quebec\/index.php\/wp-json\/wp\/v2\/pages"}],"about":[{"href":"https:\/\/www.steen.quebec\/index.php\/wp-json\/wp\/v2\/types\/page"}],"author":[{"embeddable":true,"href":"https:\/\/www.steen.quebec\/index.php\/wp-json\/wp\/v2\/users\/6"}],"replies":[{"embeddable":true,"href":"https:\/\/www.steen.quebec\/index.php\/wp-json\/wp\/v2\/comments?post=1354"}],"version-history":[{"count":21,"href":"https:\/\/www.steen.quebec\/index.php\/wp-json\/wp\/v2\/pages\/1354\/revisions"}],"predecessor-version":[{"id":1364,"href":"https:\/\/www.steen.quebec\/index.php\/wp-json\/wp\/v2\/pages\/1354\/revisions\/1364"}],"up":[{"embeddable":true,"href":"https:\/\/www.steen.quebec\/index.php\/wp-json\/wp\/v2\/pages\/959"}],"wp:attachment":[{"href":"https:\/\/www.steen.quebec\/index.php\/wp-json\/wp\/v2\/media?parent=1354"}],"curies":[{"name":"wp","href":"https:\/\/api.w.org\/{rel}","templated":true}]}}