{"id":1613,"date":"2024-02-06T12:54:30","date_gmt":"2024-02-06T17:54:30","guid":{"rendered":"https:\/\/www.steen.quebec\/?page_id=1613"},"modified":"2024-02-07T07:02:44","modified_gmt":"2024-02-07T12:02:44","slug":"griefs","status":"publish","type":"page","link":"https:\/\/www.steen.quebec\/index.php\/declaration\/griefs\/","title":{"rendered":"Griefs"},"content":{"rendered":"<div class=\"forminator-ui forminator-custom-form forminator-custom-form-1623 forminator-design--default  forminator_ajax\" data-forminator-render=\"0\" data-form=\"forminator-module-1623\" data-uid=\"69fb2c504c546\"><br\/><\/div><form\n\t\t\t\tid=\"forminator-module-1623\"\n\t\t\t\tclass=\"forminator-ui forminator-custom-form forminator-custom-form-1623 forminator-design--default  forminator_ajax\"\n\t\t\t\tmethod=\"post\"\n\t\t\t\tdata-forminator-render=\"0\"\n\t\t\t\tdata-form-id=\"1623\"\n\t\t\t\t\n\t\t\t\tdata-design=\"default\"\n\t\t\t\t\n\t\t\t\t\n\t\t\t\t\n\t\t\t\tdata-grid=\"open\"\n\t\t\t\tenctype=\"multipart\/form-data\"\n\t\t\t\t\n\t\t\t\tstyle=\"display: none;\"\n\t\t\t\t\n\t\t\t\tdata-uid=\"69fb2c504c546\"\n\t\t\t><div role=\"alert\" aria-live=\"polite\" class=\"forminator-response-message forminator-error\" aria-hidden=\"true\"><\/div><div class=\"forminator-row\"><div id=\"checkbox-1\" class=\"forminator-field-checkbox forminator-col forminator-col-12 \"><div role=\"group\" class=\"forminator-field\" aria-labelledby=\"forminator-checkbox-group-69fb2c504c546-label\"><h4 id=\"forminator-checkbox-group-69fb2c504c546-label\" class=\"forminator-label\">Discussion avec le superviseur<\/h4><label id=\"forminator-field-checkbox-1-1-69fb2c504c546-label\" for=\"forminator-field-checkbox-1-1-69fb2c504c546\" class=\"forminator-checkbox\" title=\"oui, j&#039;ai discut\u00e9 avec mon superviseur\"><input type=\"checkbox\" name=\"checkbox-1[]\" value=\"one\" id=\"forminator-field-checkbox-1-1-69fb2c504c546\" aria-labelledby=\"forminator-field-checkbox-1-1-69fb2c504c546-label\" data-calculation=\"0\"   data-hidden-behavior=\"zero\" aria-describedby=\"forminator-field-checkbox-1-69fb2c504c546-description\"\/><span class=\"forminator-checkbox-box\" aria-hidden=\"true\"><\/span><span class=\"forminator-checkbox-label\">oui, j'ai discut\u00e9 avec mon superviseur<\/span><\/label><label id=\"forminator-field-checkbox-1-2-69fb2c504c546-label\" for=\"forminator-field-checkbox-1-2-69fb2c504c546\" class=\"forminator-checkbox\" title=\"Non, j&#039;ai besoin de soutien pour rencontrer mon superviseur\"><input type=\"checkbox\" name=\"checkbox-1[]\" value=\"two\" id=\"forminator-field-checkbox-1-2-69fb2c504c546\" aria-labelledby=\"forminator-field-checkbox-1-2-69fb2c504c546-label\" data-calculation=\"0\"   data-hidden-behavior=\"zero\" aria-describedby=\"forminator-field-checkbox-1-69fb2c504c546-description\"\/><span class=\"forminator-checkbox-box\" aria-hidden=\"true\"><\/span><span class=\"forminator-checkbox-label\">Non, j'ai besoin de soutien pour rencontrer mon superviseur<\/span><\/label><\/div><\/div><\/div><div class=\"forminator-row\"><div id=\"name-1\" class=\"forminator-field-name forminator-col forminator-col-12 \"><div class=\"forminator-row forminator-no-margin\" data-multiple=\"true\"><div class=\"forminator-col forminator-col-md-6\"><div class=\"forminator-field\"><label for=\"forminator-field-first-name-1_69fb2c504c546\" id=\"forminator-field-first-name-1_69fb2c504c546-label\" class=\"forminator-label\">Pr\u00e9nom <span class=\"forminator-required\">*<\/span><\/label><input type=\"text\" name=\"name-1-first-name\" placeholder=\"Par exemple\u00a0: Jean\" id=\"forminator-field-first-name-1_69fb2c504c546\" class=\"forminator-input\" aria-required=\"true\" data-multi=\"1\" value=\"\" \/><\/div><\/div><div class=\"forminator-col forminator-col-md-6\"><div class=\"forminator-field\"><label for=\"forminator-field-last-name-1_69fb2c504c546\" id=\"forminator-field-last-name-1_69fb2c504c546-label\" class=\"forminator-label\">Nom de famille <span class=\"forminator-required\">*<\/span><\/label><input type=\"text\" name=\"name-1-last-name\" placeholder=\"Par exemple\u00a0: Durand\" id=\"forminator-field-last-name-1_69fb2c504c546\" class=\"forminator-input\" aria-required=\"true\" data-multi=\"1\" value=\"\" \/><\/div><\/div><\/div><\/div><\/div><div class=\"forminator-row\"><div id=\"phone-2\" class=\"forminator-field-phone forminator-col forminator-col-12 \"><div class=\"forminator-field\"><label for=\"forminator-field-phone-2_69fb2c504c546\" id=\"forminator-field-phone-2_69fb2c504c546-label\" class=\"forminator-label\">Num\u00e9ro de matricule chronos<\/label><input type=\"text\" name=\"phone-2\" value=\"\" placeholder=\"Par exemple\u00a0: 515 XXX\" id=\"forminator-field-phone-2_69fb2c504c546\" class=\"forminator-input forminator-field--phone\" data-required=\"\" aria-required=\"false\" autocomplete=\"off\" \/><\/div><\/div><\/div><div class=\"forminator-row\"><div id=\"phone-1\" class=\"forminator-field-phone forminator-col forminator-col-12 \"><div class=\"forminator-field\"><label for=\"forminator-field-phone-1_69fb2c504c546\" id=\"forminator-field-phone-1_69fb2c504c546-label\" class=\"forminator-label\">T\u00e9l\u00e9phone pour vous recontact\u00e9<\/label><input type=\"text\" name=\"phone-1\" value=\"\" placeholder=\"Par exemple\u00a0: 418-123-3456\" id=\"forminator-field-phone-1_69fb2c504c546\" class=\"forminator-input forminator-field--phone\" data-required=\"\" aria-required=\"false\" autocomplete=\"off\" \/><\/div><\/div><\/div><div class=\"forminator-row\"><div id=\"date-1\" class=\"forminator-field-date forminator-col forminator-col-12 \"><div class=\"forminator-field\"><label for=\"forminator-field-date-1-picker_69fb2c504c546\" id=\"forminator-field-date-1-picker_69fb2c504c546-label\" class=\"forminator-label\">Date de l&#039;\u00e9v\u00e9nement <span class=\"forminator-required\">*<\/span><\/label><div class=\"forminator-input-with-icon\"><label for=\"forminator-field-date-1-picker_69fb2c504c546\"><span class=\"forminator-icon-calendar\" aria-hidden=\"true\"><\/span><\/label><input autocomplete=\"off\" type=\"text\" size=\"1\" name=\"date-1\" value=\"2026-05-06\" placeholder=\"Choisissez une date\" id=\"forminator-field-date-1-picker_69fb2c504c546\" class=\"forminator-input forminator-datepicker\" data-required=\"1\" data-format=\"yy-mm-dd\" data-restrict-type=\"\" data-restrict=\"\" data-start-year=\"1926\" data-end-year=\"2126\" data-past-dates=\"enable\" data-start-of-week=\"1\" data-start-date=\"\" data-end-date=\"\" data-start-field=\"\" data-end-field=\"\" data-start-offset=\"\" data-end-offset=\"\" data-disable-date=\"\" data-disable-range=\"\" \/><\/div><\/div><\/div><\/div><div class=\"forminator-row\"><div id=\"textarea-1\" class=\"forminator-field-textarea forminator-col forminator-col-12 \"><div class=\"forminator-field\"><label for=\"forminator-field-textarea-1_69fb2c504c546\" id=\"forminator-field-textarea-1_69fb2c504c546-label\" class=\"forminator-label\">Description du grief <span class=\"forminator-required\">*<\/span><\/label><textarea name=\"textarea-1\" placeholder=\"\" id=\"forminator-field-textarea-1_69fb2c504c546\" class=\"forminator-textarea\" rows=\"6\" style=\"min-height:140px;\" aria-describedby=\"forminator-field-textarea-1_69fb2c504c546-description\" ><\/textarea><span id=\"forminator-field-textarea-1_69fb2c504c546-description\" class=\"forminator-description\">En quelque mot, faites nous le r\u00e9cit des \u00e9venement ou le fondement du grief.<span data-limit=\"1000\" data-type=\"words\">0 \/ 1000<\/span><\/span><\/div><\/div><\/div><div class=\"forminator-row\"><div id=\"select-1\" class=\"forminator-field-select forminator-col forminator-col-12 \"><div class=\"forminator-field\"><label for=\"forminator-form-1623__field--select-1_69fb2c504c546\" id=\"forminator-form-1623__field--select-1_69fb2c504c546-label\" class=\"forminator-label\">D\u00e9partement:<\/label><select id=\"forminator-form-1623__field--select-1_69fb2c504c546\" class=\"forminator-select--field forminator-select2\" data-required=\"\" name=\"select-1\" data-default-value=\"\" data-hidden-behavior=\"zero\" data-placeholder=\"\" data-search=\"false\" aria-labelledby=\"forminator-form-1623__field--select-1_69fb2c504c546-label\" aria-describedby=\"forminator-form-1623__field--select-1_69fb2c504c546-description\"><option value=\"one\"  data-calculation=\"0\">CIM<\/option><option value=\"two\"  data-calculation=\"0\">CCD<\/option><option value=\"CCS\"  data-calculation=\"0\">CCS<\/option><option value=\"CCP\"  data-calculation=\"0\">CCP<\/option><option value=\"CCR\"  data-calculation=\"0\">CCR<\/option><option value=\"CNE\"  data-calculation=\"0\">PROJET<\/option><option value=\"ATELIER\"  data-calculation=\"0\">ATELIER<\/option><option value=\"GARAGE\"  data-calculation=\"0\">GARAGE<\/option><option value=\"SOUDEUR\"  data-calculation=\"0\">SOUDEUR<\/option><option value=\"LIGNE\"  data-calculation=\"0\">LIGNE<\/option><option value=\"MENUISIER\"  data-calculation=\"0\">MENUISIER<\/option><option value=\"E&amp;A\"  data-calculation=\"0\">E&amp;A<\/option><option value=\"CIVIL\"  data-calculation=\"0\">PR\u00c9POS\u00c9<\/option><option value=\"MAGASIN\"  data-calculation=\"0\">MAGASIN<\/option><option value=\"DESSINATEUR\"  data-calculation=\"0\">DESSINATEUR<\/option><\/select><span id=\"forminator-form-1623__field--select-1_69fb2c504c546-description\" class=\"forminator-description\">D\u00e9partement auquel le grief ce rapporte.<\/span><\/div><\/div><\/div><div class=\"forminator-row\"><div id=\"textarea-3\" class=\"forminator-field-textarea forminator-col forminator-col-12 \"><div class=\"forminator-field\"><label for=\"forminator-field-textarea-3_69fb2c504c546\" id=\"forminator-field-textarea-3_69fb2c504c546-label\" class=\"forminator-label\">Lieux <span class=\"forminator-required\">*<\/span><\/label><textarea name=\"textarea-3\" placeholder=\"Par exemple\u00a0: Poste 161 KV au CCR,  Groupe 7 CIM.\" id=\"forminator-field-textarea-3_69fb2c504c546\" class=\"forminator-textarea\" rows=\"6\" style=\"min-height:40px;\" aria-describedby=\"forminator-field-textarea-3_69fb2c504c546-description\" ><\/textarea><span id=\"forminator-field-textarea-3_69fb2c504c546-description\" class=\"forminator-description\">lieux ou les \u00e9v\u00e8nements ce sont produit.<\/span><\/div><\/div><\/div><div class=\"forminator-row\"><div id=\"upload-1\" class=\"forminator-field-upload forminator-col forminator-col-12 \"><div class=\"forminator-field\"><label for=\"forminator-field-upload-1_69fb2c504c546\" id=\"forminator-field-upload-1_69fb2c504c546-label\" class=\"forminator-label\">Joindre une photo<\/label><div class=\"forminator-multi-upload \" data-element=\"upload-1_69fb2c504c546\" aria-describedby=\"forminator-field-upload-1_69fb2c504c546-description\"><input type=\"file\" name=\"upload-1[]\" id=\"forminator-field-upload-1_69fb2c504c546\" class=\"forminator-input-file forminator-field-upload-1_69fb2c504c546-1623\" multiple=\"multiple\" data-method=\"ajax\" data-size=\"8000000\" data-size-message=\"Maximum file size allowed is 8 MB. \"><div class=\"forminator-multi-upload-message\" aria-hidden=\"true\"><span class=\"forminator-icon-upload\" aria-hidden=\"true\"><\/span><p>Glissez et d\u00e9posez (ou) <a class=\"forminator-upload-file--forminator-field-upload-1_69fb2c504c546\" href=\"javascript:void(0)\">Choisissez des fichiers<\/a><\/p><\/div><\/div><ul class=\"forminator-uploaded-files upload-container-upload-1_69fb2c504c546\"><\/ul><\/div><\/div><\/div><input type=\"hidden\" name=\"referer_url\" value=\"\" \/><div class=\"forminator-row forminator-row-last\"><div class=\"forminator-col\"><div class=\"forminator-field\"><button class=\"forminator-button forminator-button-submit\">Lanc&eacute; la demande de grief<\/button><\/div><\/div><\/div><input type=\"hidden\" id=\"forminator_nonce\" name=\"forminator_nonce\" value=\"c9c8fd9c9e\" \/><input type=\"hidden\" name=\"_wp_http_referer\" value=\"\/index.php\/wp-json\/wp\/v2\/pages\/1613\" \/><input type=\"hidden\" name=\"form_id\" value=\"1623\"><input type=\"hidden\" name=\"page_id\" value=\"1613\"><input type=\"hidden\" name=\"form_type\" value=\"default\"><input type=\"hidden\" name=\"current_url\" value=\"https:\/\/www.steen.quebec\/index.php\/declaration\/griefs\/\"><input type=\"hidden\" name=\"render_id\" value=\"0\"><input type=\"hidden\" name=\"forminator-multifile-hidden\" class=\"forminator-multifile-hidden\"><input type=\"hidden\" name=\"action\" value=\"forminator_submit_form_custom-forms\"><\/form>\n","protected":false},"excerpt":{"rendered":"","protected":false},"author":6,"featured_media":0,"parent":1609,"menu_order":0,"comment_status":"closed","ping_status":"closed","template":"","meta":{"footnotes":"","_links_to":"","_links_to_target":""},"class_list":["post-1613","page","type-page","status-publish","hentry","entry","owp-thumbs-layout-horizontal","owp-btn-normal","owp-tabs-layout-horizontal","has-no-thumbnails","has-product-nav"],"_links":{"self":[{"href":"https:\/\/www.steen.quebec\/index.php\/wp-json\/wp\/v2\/pages\/1613","targetHints":{"allow":["GET"]}}],"collection":[{"href":"https:\/\/www.steen.quebec\/index.php\/wp-json\/wp\/v2\/pages"}],"about":[{"href":"https:\/\/www.steen.quebec\/index.php\/wp-json\/wp\/v2\/types\/page"}],"author":[{"embeddable":true,"href":"https:\/\/www.steen.quebec\/index.php\/wp-json\/wp\/v2\/users\/6"}],"replies":[{"embeddable":true,"href":"https:\/\/www.steen.quebec\/index.php\/wp-json\/wp\/v2\/comments?post=1613"}],"version-history":[{"count":5,"href":"https:\/\/www.steen.quebec\/index.php\/wp-json\/wp\/v2\/pages\/1613\/revisions"}],"predecessor-version":[{"id":1634,"href":"https:\/\/www.steen.quebec\/index.php\/wp-json\/wp\/v2\/pages\/1613\/revisions\/1634"}],"up":[{"embeddable":true,"href":"https:\/\/www.steen.quebec\/index.php\/wp-json\/wp\/v2\/pages\/1609"}],"wp:attachment":[{"href":"https:\/\/www.steen.quebec\/index.php\/wp-json\/wp\/v2\/media?parent=1613"}],"curies":[{"name":"wp","href":"https:\/\/api.w.org\/{rel}","templated":true}]}}