{"id":1660,"date":"2024-03-25T07:36:06","date_gmt":"2024-03-25T11:36:06","guid":{"rendered":"https:\/\/www.steen.quebec\/?page_id=1660"},"modified":"2024-03-25T11:40:03","modified_gmt":"2024-03-25T15:40:03","slug":"demande-de-destruction","status":"publish","type":"page","link":"https:\/\/www.steen.quebec\/index.php\/renseignement-personel\/politique\/demande-de-destruction\/","title":{"rendered":"Demande de destruction"},"content":{"rendered":"<div class=\"forminator-ui forminator-custom-form forminator-custom-form-1689 forminator-design--default  forminator_ajax\" data-forminator-render=\"0\" data-form=\"forminator-module-1689\" data-uid=\"69fb2d7a660a8\"><br\/><\/div><form\n\t\t\t\tid=\"forminator-module-1689\"\n\t\t\t\tclass=\"forminator-ui forminator-custom-form forminator-custom-form-1689 forminator-design--default  forminator_ajax\"\n\t\t\t\tmethod=\"post\"\n\t\t\t\tdata-forminator-render=\"0\"\n\t\t\t\tdata-form-id=\"1689\"\n\t\t\t\t\n\t\t\t\tdata-design=\"default\"\n\t\t\t\t\n\t\t\t\t\n\t\t\t\t\n\t\t\t\tdata-grid=\"open\"\n\t\t\t\t\n\t\t\t\t\n\t\t\t\tstyle=\"display: none;\"\n\t\t\t\t\n\t\t\t\tdata-uid=\"69fb2d7a660a8\"\n\t\t\t><div role=\"alert\" aria-live=\"polite\" class=\"forminator-response-message forminator-error\" aria-hidden=\"true\"><\/div><div class=\"forminator-row\"><div id=\"name-1\" class=\"forminator-field-name forminator-col forminator-col-12 \"><div class=\"forminator-field\"><label for=\"forminator-field-name-1_69fb2d7a660a8\" id=\"forminator-field-name-1_69fb2d7a660a8-label\" class=\"forminator-label\">Nom &amp; Pr\u00e9nom<\/label><input type=\"text\" name=\"name-1\" value=\"\" placeholder=\"Par exemple\u00a0: Jacques Martin\" id=\"forminator-field-name-1_69fb2d7a660a8\" class=\"forminator-input forminator-name--field\" aria-required=\"false\" \/><\/div><\/div><\/div><div class=\"forminator-row\"><div id=\"name-2\" class=\"forminator-field-name forminator-col forminator-col-12 \"><div class=\"forminator-field\"><label for=\"forminator-field-name-2_69fb2d7a660a8\" id=\"forminator-field-name-2_69fb2d7a660a8-label\" class=\"forminator-label\">Matricule<\/label><input type=\"text\" name=\"name-2\" value=\"\" placeholder=\"Par exemple\u00a0: 515 XXX\" id=\"forminator-field-name-2_69fb2d7a660a8\" class=\"forminator-input forminator-name--field\" aria-required=\"false\" \/><\/div><\/div><\/div><div class=\"forminator-row\"><div id=\"textarea-2\" class=\"forminator-field-textarea forminator-col forminator-col-12 \"><div class=\"forminator-field\"><label for=\"forminator-field-textarea-2_69fb2d7a660a8\" id=\"forminator-field-textarea-2_69fb2d7a660a8-label\" class=\"forminator-label\">Demande de destruction<\/label><textarea name=\"textarea-2\" placeholder=\"Les lois provinciales identifient les situations dans lesquelles une personne peut demander la suppression des renseignements personnels qu\u2019une entreprise d\u00e9tient \u00e0 son sujet. D\u2019abord, le Code civil du Qu\u00e9bec( article 40 al. 1 C.c.Q.) pr\u00e9voit qu\u2019une personne peut faire supprimer un renseignement \u00ab p\u00e9rim\u00e9 ou non justifi\u00e9 par l\u2019objet du dossier \u00bb. La LPRPSP (article 28) ajoute \u00e0 cet \u00e9gard que \u00ab la personne concern\u00e9e peut faire supprimer un renseignement personnel la concernant si sa collecte n\u2019est pas autoris\u00e9e par la loi \u00bb. Cette demande sera formul\u00e9e par \u00e9crit.\" id=\"forminator-field-textarea-2_69fb2d7a660a8\" class=\"forminator-textarea\" rows=\"6\" style=\"min-height:140px;\" ><\/textarea><\/div><\/div><\/div><input type=\"hidden\" name=\"referer_url\" value=\"\" \/><div class=\"forminator-row forminator-row-last\"><div class=\"forminator-col\"><div class=\"forminator-field\"><button class=\"forminator-button forminator-button-submit\">Envoyer le message<\/button><\/div><\/div><\/div><input type=\"hidden\" id=\"forminator_nonce\" name=\"forminator_nonce\" value=\"175635bae7\" \/><input type=\"hidden\" name=\"_wp_http_referer\" value=\"\/index.php\/wp-json\/wp\/v2\/pages\/1660\" \/><input type=\"hidden\" name=\"form_id\" value=\"1689\"><input type=\"hidden\" name=\"page_id\" value=\"1660\"><input type=\"hidden\" name=\"form_type\" value=\"default\"><input type=\"hidden\" name=\"current_url\" value=\"https:\/\/www.steen.quebec\/index.php\/renseignement-personel\/politique\/demande-de-destruction\/\"><input type=\"hidden\" name=\"render_id\" value=\"0\"><input type=\"hidden\" name=\"action\" value=\"forminator_submit_form_custom-forms\"><\/form>\n","protected":false},"excerpt":{"rendered":"","protected":false},"author":6,"featured_media":0,"parent":1648,"menu_order":0,"comment_status":"closed","ping_status":"closed","template":"","meta":{"footnotes":"","_links_to":"","_links_to_target":""},"class_list":["post-1660","page","type-page","status-publish","hentry","entry","owp-thumbs-layout-horizontal","owp-btn-normal","owp-tabs-layout-horizontal","has-no-thumbnails","has-product-nav"],"_links":{"self":[{"href":"https:\/\/www.steen.quebec\/index.php\/wp-json\/wp\/v2\/pages\/1660","targetHints":{"allow":["GET"]}}],"collection":[{"href":"https:\/\/www.steen.quebec\/index.php\/wp-json\/wp\/v2\/pages"}],"about":[{"href":"https:\/\/www.steen.quebec\/index.php\/wp-json\/wp\/v2\/types\/page"}],"author":[{"embeddable":true,"href":"https:\/\/www.steen.quebec\/index.php\/wp-json\/wp\/v2\/users\/6"}],"replies":[{"embeddable":true,"href":"https:\/\/www.steen.quebec\/index.php\/wp-json\/wp\/v2\/comments?post=1660"}],"version-history":[{"count":3,"href":"https:\/\/www.steen.quebec\/index.php\/wp-json\/wp\/v2\/pages\/1660\/revisions"}],"predecessor-version":[{"id":1690,"href":"https:\/\/www.steen.quebec\/index.php\/wp-json\/wp\/v2\/pages\/1660\/revisions\/1690"}],"up":[{"embeddable":true,"href":"https:\/\/www.steen.quebec\/index.php\/wp-json\/wp\/v2\/pages\/1648"}],"wp:attachment":[{"href":"https:\/\/www.steen.quebec\/index.php\/wp-json\/wp\/v2\/media?parent=1660"}],"curies":[{"name":"wp","href":"https:\/\/api.w.org\/{rel}","templated":true}]}}