{"id":1673,"date":"2024-03-25T07:55:59","date_gmt":"2024-03-25T11:55:59","guid":{"rendered":"https:\/\/www.steen.quebec\/?page_id=1673"},"modified":"2024-03-25T08:49:10","modified_gmt":"2024-03-25T12:49:10","slug":"changement-dadresse-ou-de-numero-telephonique","status":"publish","type":"page","link":"https:\/\/www.steen.quebec\/index.php\/renseignement-personel\/changement-dadresse-ou-de-numero-telephonique\/","title":{"rendered":"Changement d&rsquo;adresse  ou de num\u00e9ro t\u00e9l\u00e9phonique"},"content":{"rendered":"<div class=\"forminator-ui forminator-custom-form forminator-custom-form-1677 forminator-design--default  forminator_ajax\" data-forminator-render=\"0\" data-form=\"forminator-module-1677\" data-uid=\"69fb2eba93ce6\"><br\/><\/div><form\n\t\t\t\tid=\"forminator-module-1677\"\n\t\t\t\tclass=\"forminator-ui forminator-custom-form forminator-custom-form-1677 forminator-design--default  forminator_ajax\"\n\t\t\t\tmethod=\"post\"\n\t\t\t\tdata-forminator-render=\"0\"\n\t\t\t\tdata-form-id=\"1677\"\n\t\t\t\t\n\t\t\t\tdata-design=\"default\"\n\t\t\t\t\n\t\t\t\t\n\t\t\t\t\n\t\t\t\tdata-grid=\"open\"\n\t\t\t\t\n\t\t\t\t\n\t\t\t\tstyle=\"display: none;\"\n\t\t\t\t\n\t\t\t\tdata-uid=\"69fb2eba93ce6\"\n\t\t\t><div role=\"alert\" aria-live=\"polite\" class=\"forminator-response-message forminator-error\" aria-hidden=\"true\"><\/div><div class=\"forminator-row\"><div id=\"name-1\" class=\"forminator-field-name forminator-col forminator-col-12 \"><div class=\"forminator-field\"><label for=\"forminator-field-name-1_69fb2eba93ce6\" id=\"forminator-field-name-1_69fb2eba93ce6-label\" class=\"forminator-label\">Nom et pr\u00e9nom<\/label><input type=\"text\" name=\"name-1\" value=\"\" placeholder=\"Par exemple\u00a0: Jacques Martin\" id=\"forminator-field-name-1_69fb2eba93ce6\" class=\"forminator-input forminator-name--field\" aria-required=\"false\" \/><\/div><\/div><\/div><div class=\"forminator-row\"><div id=\"phone-1\" class=\"forminator-field-phone forminator-col forminator-col-12 \"><div class=\"forminator-field\"><label for=\"forminator-field-phone-1_69fb2eba93ce6\" id=\"forminator-field-phone-1_69fb2eba93ce6-label\" class=\"forminator-label\">T\u00e9l\u00e9phone<\/label><input type=\"text\" name=\"phone-1\" value=\"\" placeholder=\"Par exemple\u00a0: 418 XXX XXXX\" id=\"forminator-field-phone-1_69fb2eba93ce6\" class=\"forminator-input forminator-field--phone\" data-required=\"\" aria-required=\"false\" autocomplete=\"off\" \/><\/div><\/div><\/div><div class=\"forminator-row\"><div id=\"address-1\" class=\"forminator-field-address forminator-col forminator-col-12 \"><div class=\"forminator-row\"><div id=\"address-1-street_address\" class=\"forminator-col\"><div class=\"forminator-field\"><label for=\"forminator-field-address-1-street_address_69fb2eba93ce6\" id=\"forminator-field-address-1-street_address_69fb2eba93ce6-label\" class=\"forminator-label\">Rue<\/label><input type=\"text\" name=\"address-1-street_address\" placeholder=\"Par exemple\u00a0: 10 grande rue\" id=\"forminator-field-address-1-street_address_69fb2eba93ce6\" class=\"forminator-input\" data-required=\"\" aria-required=\"false\" value=\"\" \/><\/div><\/div><\/div><div class=\"forminator-row\"><div id=\"address-1-address_line\" class=\"forminator-col\"><div class=\"forminator-field\"><label for=\"forminator-field-address-1-address_line_69fb2eba93ce6\" id=\"forminator-field-address-1-address_line_69fb2eba93ce6-label\" class=\"forminator-label\">Appartement, suite, etc.<\/label><input type=\"text\" name=\"address-1-address_line\" placeholder=\"\" id=\"forminator-field-address-1-address_line_69fb2eba93ce6\" class=\"forminator-input\" data-required=\"\" aria-required=\"false\" value=\"\" \/><\/div><\/div><\/div><div class=\"forminator-row\" data-multiple=\"false\"><div id=\"address-1-city\" class=\"forminator-col forminator-col-12\"><div class=\"forminator-field\"><label for=\"forminator-field-address-1-city_69fb2eba93ce6\" id=\"forminator-field-address-1-city_69fb2eba93ce6-label\" class=\"forminator-label\">Ville<\/label><input type=\"text\" name=\"address-1-city\" placeholder=\"Par exemple\u00a0: Paris\" id=\"forminator-field-address-1-city_69fb2eba93ce6\" class=\"forminator-input\" data-required=\"\" aria-required=\"false\" value=\"\" \/><\/div><\/div><\/div><div class=\"forminator-row\" data-multiple=\"false\"><div id=\"address-1-zip\" class=\"forminator-col forminator-col-12\"><div class=\"forminator-field\"><label for=\"forminator-field-address-1-zip_69fb2eba93ce6\" id=\"forminator-field-address-1-zip_69fb2eba93ce6-label\" class=\"forminator-label\">Code postal<\/label><input type=\"text\" name=\"address-1-zip\" placeholder=\"Par exemple\u00a0: 2000\" id=\"forminator-field-address-1-zip_69fb2eba93ce6\" class=\"forminator-input\" value=\"\" \/><\/div><\/div><\/div><\/div><\/div><div class=\"forminator-row\"><div id=\"consent-1\" class=\"forminator-field-consent forminator-col forminator-col-12 \"><div class=\"forminator-field\"><label for=\"forminator-field-consent-1_69fb2eba93ce6\" id=\"forminator-field-consent-1_69fb2eba93ce6-label\" class=\"forminator-label\">Consent <span class=\"forminator-required\">*<\/span><\/label><div class=\"forminator-checkbox__wrapper\"><label for=\"forminator-field-consent-1_69fb2eba93ce6\" id=\"forminator-field-consent-1_69fb2eba93ce6__label\" class=\"forminator-checkbox forminator-consent\" style=\"margin: 0;\"><input type=\"checkbox\" name=\"consent-1\" id=\"forminator-field-consent-1_69fb2eba93ce6\" value=\"checked\" aria-labelledby=\"forminator-field-consent-1_69fb2eba93ce6-label\" aria-describedby=\"forminator-field-consent-1_69fb2eba93ce6__description\" data-required=\"true\" aria-required=\"true\" \/><span class=\"forminator-checkbox-box\" aria-hidden=\"true\"><\/span><\/label><div id=\"forminator-field-consent-1_69fb2eba93ce6__description\" class=\"forminator-checkbox__label forminator-consent__label\"><p>Oui, Je consent avec la <a href=\"https:\/\/www.steen.quebec\/index.php\/renseignement-personel\/politique\/\">politique en mati\u00e8re de renseignement personnel.<\/a><\/p><\/div><\/div><\/div><\/div><\/div><input type=\"hidden\" name=\"referer_url\" value=\"\" \/><div class=\"forminator-row forminator-row-last\"><div class=\"forminator-col\"><div class=\"forminator-field\"><button class=\"forminator-button forminator-button-submit\">Envoyer le message<\/button><\/div><\/div><\/div><input type=\"hidden\" id=\"forminator_nonce\" name=\"forminator_nonce\" value=\"175635bae7\" \/><input type=\"hidden\" name=\"_wp_http_referer\" value=\"\/index.php\/wp-json\/wp\/v2\/pages\/1673\" \/><input type=\"hidden\" name=\"form_id\" value=\"1677\"><input type=\"hidden\" name=\"page_id\" value=\"1673\"><input type=\"hidden\" name=\"form_type\" value=\"default\"><input type=\"hidden\" name=\"current_url\" value=\"https:\/\/www.steen.quebec\/index.php\/renseignement-personel\/changement-dadresse-ou-de-numero-telephonique\/\"><input type=\"hidden\" name=\"render_id\" value=\"0\"><input type=\"hidden\" name=\"action\" value=\"forminator_submit_form_custom-forms\"><\/form>\n","protected":false},"excerpt":{"rendered":"","protected":false},"author":6,"featured_media":0,"parent":1646,"menu_order":0,"comment_status":"closed","ping_status":"closed","template":"","meta":{"footnotes":"","_links_to":"","_links_to_target":""},"class_list":["post-1673","page","type-page","status-publish","hentry","entry","owp-thumbs-layout-horizontal","owp-btn-normal","owp-tabs-layout-horizontal","has-no-thumbnails","has-product-nav"],"_links":{"self":[{"href":"https:\/\/www.steen.quebec\/index.php\/wp-json\/wp\/v2\/pages\/1673","targetHints":{"allow":["GET"]}}],"collection":[{"href":"https:\/\/www.steen.quebec\/index.php\/wp-json\/wp\/v2\/pages"}],"about":[{"href":"https:\/\/www.steen.quebec\/index.php\/wp-json\/wp\/v2\/types\/page"}],"author":[{"embeddable":true,"href":"https:\/\/www.steen.quebec\/index.php\/wp-json\/wp\/v2\/users\/6"}],"replies":[{"embeddable":true,"href":"https:\/\/www.steen.quebec\/index.php\/wp-json\/wp\/v2\/comments?post=1673"}],"version-history":[{"count":3,"href":"https:\/\/www.steen.quebec\/index.php\/wp-json\/wp\/v2\/pages\/1673\/revisions"}],"predecessor-version":[{"id":1678,"href":"https:\/\/www.steen.quebec\/index.php\/wp-json\/wp\/v2\/pages\/1673\/revisions\/1678"}],"up":[{"embeddable":true,"href":"https:\/\/www.steen.quebec\/index.php\/wp-json\/wp\/v2\/pages\/1646"}],"wp:attachment":[{"href":"https:\/\/www.steen.quebec\/index.php\/wp-json\/wp\/v2\/media?parent=1673"}],"curies":[{"name":"wp","href":"https:\/\/api.w.org\/{rel}","templated":true}]}}