{"id":1700,"date":"2024-08-14T15:23:27","date_gmt":"2024-08-14T19:23:27","guid":{"rendered":"https:\/\/www.steen.quebec\/?page_id=1700"},"modified":"2024-10-15T12:48:00","modified_gmt":"2024-10-15T16:48:00","slug":"formulaire-designation-ou-changement-de-beneficiaire","status":"publish","type":"page","link":"https:\/\/www.steen.quebec\/index.php\/assurance\/medicament-et-paramedicaux\/formulaire-designation-ou-changement-de-beneficiaire\/","title":{"rendered":"Formulaire &#8211; D\u00e9signation ou changement de b\u00e9n\u00e9ficiaire"},"content":{"rendered":"<p><strong>Remplir les cases surlign\u00e9es dans le formulaire ci-dessous:<\/strong><\/p>\n<p><iframe loading=\"lazy\" src=\"https:\/\/na4.documents.adobe.com\/public\/esignWidget?wid=CBFCIBAA3AAABLblqZhDQsLfXpTK9rFFIRcz0SXGVGx7obUyLkK3D86t5ZiXw4ZsupNArhTFDkK9Z4pA5424*&#038;hosted=false\" width=\"100%\" height=\"100%\" frameborder=\"0\" style=\"border: 0; overflow: hidden; min-height: 500px; min-width: 200px;\"><\/iframe><\/p>\n","protected":false},"excerpt":{"rendered":"<p>Remplir les cases surlign\u00e9es dans le formulaire ci-dessous:<\/p>\n","protected":false},"author":6,"featured_media":0,"parent":1734,"menu_order":0,"comment_status":"closed","ping_status":"closed","template":"","meta":{"footnotes":"","_links_to":"","_links_to_target":""},"class_list":["post-1700","page","type-page","status-publish","hentry","entry","owp-thumbs-layout-horizontal","owp-btn-normal","owp-tabs-layout-horizontal","has-no-thumbnails","has-product-nav"],"_links":{"self":[{"href":"https:\/\/www.steen.quebec\/index.php\/wp-json\/wp\/v2\/pages\/1700","targetHints":{"allow":["GET"]}}],"collection":[{"href":"https:\/\/www.steen.quebec\/index.php\/wp-json\/wp\/v2\/pages"}],"about":[{"href":"https:\/\/www.steen.quebec\/index.php\/wp-json\/wp\/v2\/types\/page"}],"author":[{"embeddable":true,"href":"https:\/\/www.steen.quebec\/index.php\/wp-json\/wp\/v2\/users\/6"}],"replies":[{"embeddable":true,"href":"https:\/\/www.steen.quebec\/index.php\/wp-json\/wp\/v2\/comments?post=1700"}],"version-history":[{"count":4,"href":"https:\/\/www.steen.quebec\/index.php\/wp-json\/wp\/v2\/pages\/1700\/revisions"}],"predecessor-version":[{"id":1708,"href":"https:\/\/www.steen.quebec\/index.php\/wp-json\/wp\/v2\/pages\/1700\/revisions\/1708"}],"up":[{"embeddable":true,"href":"https:\/\/www.steen.quebec\/index.php\/wp-json\/wp\/v2\/pages\/1734"}],"wp:attachment":[{"href":"https:\/\/www.steen.quebec\/index.php\/wp-json\/wp\/v2\/media?parent=1700"}],"curies":[{"name":"wp","href":"https:\/\/api.w.org\/{rel}","templated":true}]}}