{"id":32,"date":"2015-09-11T18:45:03","date_gmt":"2015-09-11T17:45:03","guid":{"rendered":"http:\/\/207.253.81.60\/?page_id=32"},"modified":"2024-02-15T07:56:04","modified_gmt":"2024-02-15T12:56:04","slug":"accueil-2","status":"publish","type":"page","link":"https:\/\/www.steen.quebec\/","title":{"rendered":"Accueil"},"content":{"rendered":"<div id=\"pl-32\"  class=\"panel-layout\" ><div id=\"pg-32-0\"  class=\"panel-grid panel-no-style\" ><div id=\"pgc-32-0-0\"  class=\"panel-grid-cell\" ><div id=\"panel-32-0-0-0\" class=\"widget_text so-panel widget widget_custom_html panel-first-child panel-last-child\" data-index=\"0\" ><div class=\"textwidget custom-html-widget\"><div id=\"metaslider-id-7\" style=\"width: 100%; margin: 0 auto;\" class=\"ml-slider-3-107-0 metaslider metaslider-flex metaslider-7 ml-slider ms-theme-default nav-hidden\" role=\"region\" aria-label=\"Accueil\" data-height=\"450\" data-width=\"1200\">\n    <div id=\"metaslider_container_7\">\n        <div id=\"metaslider_7\" class=\"flexslider\">\n            <ul class='slides'>\n                <li style=\"display: block; width: 100%;\" class=\"slide-909 ms-image \" aria-roledescription=\"slide\" data-date=\"2022-05-23 09:56:19\" data-filename=\"280646313_1185561832191241_4227441930272235524_n-1200x450.jpg\" data-slide-type=\"image\"><img loading=\"lazy\" decoding=\"async\" src=\"https:\/\/www.steen.quebec\/wp-content\/uploads\/2022\/05\/280646313_1185561832191241_4227441930272235524_n-1200x450.jpg\" height=\"450\" width=\"1200\" alt=\"\" class=\"slider-7 slide-909 msDefaultImage\" title=\"280646313_1185561832191241_4227441930272235524_n\" \/><\/li>\n                <li style=\"display: none; width: 100%;\" class=\"slide-910 ms-image \" aria-roledescription=\"slide\" data-date=\"2022-05-23 09:56:19\" data-filename=\"281154544_372832134809450_6349810095830252763_n-1200x450.jpg\" data-slide-type=\"image\"><img loading=\"lazy\" decoding=\"async\" src=\"https:\/\/www.steen.quebec\/wp-content\/uploads\/2022\/05\/281154544_372832134809450_6349810095830252763_n-1200x450.jpg\" height=\"450\" width=\"1200\" alt=\"\" class=\"slider-7 slide-910 msDefaultImage\" title=\"281154544_372832134809450_6349810095830252763_n\" \/><\/li>\n                <li style=\"display: none; width: 100%;\" class=\"slide-908 ms-image \" aria-roledescription=\"slide\" data-date=\"2022-05-23 09:56:19\" data-filename=\"280372945_402923195040959_9073343162769579499_n-1200x450.jpg\" data-slide-type=\"image\"><img loading=\"lazy\" decoding=\"async\" src=\"https:\/\/www.steen.quebec\/wp-content\/uploads\/2022\/05\/280372945_402923195040959_9073343162769579499_n-1200x450.jpg\" height=\"450\" width=\"1200\" alt=\"\" class=\"slider-7 slide-908 msDefaultImage\" title=\"280372945_402923195040959_9073343162769579499_n\" \/><\/li>\n                <li style=\"display: none; width: 100%;\" class=\"slide-171 ms-image \" aria-roledescription=\"slide\" data-date=\"2016-06-21 19:38:22\" data-filename=\"Aeriennes_2012-07-11_065-CCS_web.jpg\" data-slide-type=\"image\"><img loading=\"lazy\" decoding=\"async\" src=\"https:\/\/www.steen.quebec\/wp-content\/uploads\/2016\/06\/Aeriennes_2012-07-11_065-CCS_web.jpg\" height=\"450\" width=\"1200\" alt=\"\" class=\"slider-7 slide-171 msDefaultImage\" \/><\/li>\n                <li style=\"display: none; width: 100%;\" class=\"slide-269 ms-image \" aria-roledescription=\"slide\" data-date=\"2016-10-11 18:29:46\" data-filename=\"big_diable-Copier-Copier.jpg\" data-slide-type=\"image\"><img loading=\"lazy\" decoding=\"async\" src=\"https:\/\/www.steen.quebec\/wp-content\/uploads\/2016\/10\/big_diable-Copier-Copier.jpg\" height=\"450\" width=\"1200\" alt=\"\" class=\"slider-7 slide-269 msDefaultImage\" \/><\/li>\n                <li style=\"display: none; width: 100%;\" class=\"slide-266 ms-image \" aria-roledescription=\"slide\" data-date=\"2016-10-10 20:00:54\" data-filename=\"CCP_1.jpg\" data-slide-type=\"image\"><img loading=\"lazy\" decoding=\"async\" src=\"https:\/\/www.steen.quebec\/wp-content\/uploads\/2016\/10\/CCP_1.jpg\" height=\"450\" width=\"1200\" alt=\"\" class=\"slider-7 slide-266 msDefaultImage\" \/><\/li>\n            <\/ul>\n        <\/div>\n        \n    <\/div>\n<\/div><\/div><\/div><\/div><\/div><div id=\"pg-32-1\"  class=\"panel-grid panel-no-style\" ><div id=\"pgc-32-1-0\"  class=\"panel-grid-cell\" ><div id=\"panel-32-1-0-0\" class=\"so-panel widget widget_text panel-first-child panel-last-child\" data-index=\"1\" ><h3 class=\"widget-title\">Qui somme nous?<\/h3>\t\t\t<div class=\"textwidget\"><p>Le premier syndicat cr\u00e9\u00e9, avant de devenir le syndicat actuel, a \u00e9t\u00e9 celui de la centrale d\u2019\u00eeles-Malignes. Le syndicat actuel est n\u00e9 de la fusion de tous les petits syndicats des centrales hydro\u00e9lectriques d\u2019Alcan du secteur nord. Ce syndicat fut reconnu par le minist\u00e8re du travail seulement en mars 1948.<\/p>\n<p>Nous repr\u00e9sentons les employ\u00e9s cols bleus des centrales, \u00celes-Malignes, chute \u00e0 la Savane, chute du diable et de chute des Passes, ainsi que les employ\u00e9s du centre de contr\u00f4le du r\u00e9seau.<\/p>\n<p>En plus, nous sommes fusionn\u00e9 avec les syndicats des cols blancs, qui repr\u00e9sente tous les employ\u00e9s cols blancs des installations d\u2019\u00c9nergie \u00e9lectrique, de Shipshaw, jusqu\u2019\u00e0 la centrale de chute des Passes.<\/p>\n<\/div>\n\t\t<\/div><\/div><div id=\"pgc-32-1-1\"  class=\"panel-grid-cell\" ><div id=\"panel-32-1-1-0\" class=\"so-panel widget widget_text panel-first-child panel-last-child\" data-index=\"2\" ><h3 class=\"widget-title\">Que fesont nous?<\/h3>\t\t\t<div class=\"textwidget\"><p>Un syndicat a toujours comme objectif de repr\u00e9senter ses membres, de les d\u00e9fendre et de faire respecter sa convention collective de travail.<\/p>\n<p>Nous, en plus, nous avons toujours tent\u00e9\u00a0de maintenir un juste retour pour la r\u00e9gion et pour le Qu\u00e9bec.<\/p>\n<\/div>\n\t\t<\/div><\/div><div id=\"pgc-32-1-2\"  class=\"panel-grid-cell\" ><div id=\"panel-32-1-2-0\" class=\"so-panel widget widget_text panel-first-child panel-last-child\" data-index=\"3\" ><h3 class=\"widget-title\">Nos enjeux<\/h3>\t\t\t<div class=\"textwidget\"><p>Chaque n\u00e9gociation, ou p\u00e9riode entre ces n\u00e9gociations, repr\u00e9sentent leurs lots d\u2019enjeux en tant que syndicat.<\/p>\n<p>Depuis l\u2019achat par Rio Tinto de l\u2019entreprise Alcan, ceux-ci veulent augmenter au maximum leur valeur. Normal diront certains, mais cette augmentation ne doit pas se faire sur le dos des travailleurs et encore moins sur le dos d\u2019une r\u00e9gion.<\/p>\n<p>Donc les enjeux que nous vivons pr\u00e9sentement et qui seront s\u00fbrement au c\u0153ur de nos n\u00e9gociations \u00e0 venir\u00a0concernent principalement les emplois. Vous verrez que le total des emplois pour les alumineries en r\u00e9gion a diminu\u00e9 de beaucoup.<\/p>\n<p>Pourtant, les aides ou \u00ab rabais \u00bb consentis par nos gouvernements, eux, n\u2019ont cess\u00e9\u00a0d\u2019augmenter, sans n\u00e9cessairement avoir des engagements concrets de l\u2019entreprise. Nous dirions m\u00eame que ces engagements ont diminu\u00e9 depuis les derni\u00e8res n\u00e9gociations de contrat entre le gouvernement et Rio Tinto, mais nous n\u2019irons pas trop en d\u00e9tail l\u00e0-dessus.<\/p>\n<\/div>\n\t\t<\/div><\/div><\/div><div id=\"pg-32-2\"  class=\"panel-grid panel-no-style\" ><div id=\"pgc-32-2-0\"  class=\"panel-grid-cell\" ><div id=\"panel-32-2-0-0\" class=\"so-panel widget widget_sow-image panel-first-child\" data-index=\"4\" ><div\n\t\t\t\n\t\t\tclass=\"so-widget-sow-image so-widget-sow-image-default-8b5b6f678277-32\"\n\t\t\t\n\t\t>\n<div class=\"sow-image-container\">\n\t\t<img \n\tsrc=\"https:\/\/www.steen.quebec\/wp-content\/uploads\/2023\/01\/325914258_1174114373230711_5910056606893007028_n.jpg\" width=\"1536\" height=\"1024\" srcset=\"https:\/\/www.steen.quebec\/wp-content\/uploads\/2023\/01\/325914258_1174114373230711_5910056606893007028_n.jpg 1536w, https:\/\/www.steen.quebec\/wp-content\/uploads\/2023\/01\/325914258_1174114373230711_5910056606893007028_n-400x267.jpg 400w, https:\/\/www.steen.quebec\/wp-content\/uploads\/2023\/01\/325914258_1174114373230711_5910056606893007028_n-1024x683.jpg 1024w, https:\/\/www.steen.quebec\/wp-content\/uploads\/2023\/01\/325914258_1174114373230711_5910056606893007028_n-768x512.jpg 768w, https:\/\/www.steen.quebec\/wp-content\/uploads\/2023\/01\/325914258_1174114373230711_5910056606893007028_n-300x200.jpg 300w, https:\/\/www.steen.quebec\/wp-content\/uploads\/2023\/01\/325914258_1174114373230711_5910056606893007028_n-600x400.jpg 600w, https:\/\/www.steen.quebec\/wp-content\/uploads\/2023\/01\/325914258_1174114373230711_5910056606893007028_n-272x182.jpg 272w\" sizes=\"(max-width: 1536px) 100vw, 1536px\" alt=\"\" \t\tclass=\"so-widget-image\"\/>\n\t<\/div>\n\n<\/div><\/div><div id=\"panel-32-2-0-1\" class=\"so-panel widget widget_sow-slider panel-last-child\" data-index=\"5\" ><div\n\t\t\t\n\t\t\tclass=\"so-widget-sow-slider so-widget-sow-slider-default-6d39609536fd-32\"\n\t\t\t\n\t\t>\t\t\t\t<div class=\"sow-slider-base\" style=\"display: none\" tabindex=\"0\">\n\t\t\t\t\t<ul\n\t\t\t\t\tclass=\"sow-slider-images\"\n\t\t\t\t\tdata-settings=\"{&quot;pagination&quot;:true,&quot;speed&quot;:800,&quot;timeout&quot;:8000,&quot;paused&quot;:false,&quot;pause_on_hover&quot;:false,&quot;swipe&quot;:true,&quot;nav_always_show_desktop&quot;:&quot;&quot;,&quot;nav_always_show_mobile&quot;:&quot;&quot;,&quot;breakpoint&quot;:&quot;780px&quot;,&quot;unmute&quot;:false,&quot;anchor&quot;:null}\"\n\t\t\t\t\t\t\t\t\t\tdata-anchor-id=\"\"\n\t\t\t\t><\/ul>\t\t\t\t<ol class=\"sow-slider-pagination\">\n\t\t\t\t\t\t\t\t\t<\/ol>\n\n\t\t\t\t<div class=\"sow-slide-nav sow-slide-nav-next\">\n\t\t\t\t\t<a href=\"#\" data-goto=\"next\" aria-label=\"Next slide\" data-action=\"next\">\n\t\t\t\t\t\t<em class=\"sow-sld-icon-thin-right\"><\/em>\n\t\t\t\t\t<\/a>\n\t\t\t\t<\/div>\n\n\t\t\t\t<div class=\"sow-slide-nav sow-slide-nav-prev\">\n\t\t\t\t\t<a href=\"#\" data-goto=\"previous\" aria-label=\"Previous slide\" data-action=\"prev\">\n\t\t\t\t\t\t<em class=\"sow-sld-icon-thin-left\"><\/em>\n\t\t\t\t\t<\/a>\n\t\t\t\t<\/div>\n\t\t\t\t<\/div><\/div><\/div><\/div><div id=\"pgc-32-2-1\"  class=\"panel-grid-cell\" >\n\t\t<div id=\"panel-32-2-1-0\" class=\"so-panel widget widget_recent-posts widget_recent_entries panel-first-child panel-last-child\" data-index=\"6\" >\n\t\t<h3 class=\"widget-title\">Articles r\u00e9cents<\/h3>\n\t\t<ul>\n\t\t\t\t\t\t\t\t\t\t\t<li>\n\t\t\t\t\t<a href=\"https:\/\/www.steen.quebec\/index.php\/2024\/03\/25\/sondage-du-cahier-de-charge\/\">Sondage du cahier de charge<\/a>\n\t\t\t\t\t\t\t\t\t\t\t<span class=\"post-date\">25 mars 2024<\/span>\n\t\t\t\t\t\t\t\t\t<\/li>\n\t\t\t\t\t<\/ul>\n\n\t\t<\/div><\/div><\/div><\/div>","protected":false},"excerpt":{"rendered":"<p>Le premier syndicat cr\u00e9\u00e9, avant de devenir le syndicat actuel, a \u00e9t\u00e9 celui de la centrale d\u2019\u00eeles-Malignes. Le syndicat actuel est n\u00e9 de la fusion de tous les petits syndicats des centrales hydro\u00e9lectriques d\u2019Alcan du secteur nord. Ce syndicat fut reconnu par le minist\u00e8re du travail seulement en mars 1948. Nous repr\u00e9sentons les employ\u00e9s cols [&hellip;]<\/p>\n","protected":false},"author":1,"featured_media":0,"parent":0,"menu_order":0,"comment_status":"closed","ping_status":"closed","template":"","meta":{"footnotes":"","_links_to":"","_links_to_target":""},"class_list":["post-32","page","type-page","status-publish","hentry","entry","owp-thumbs-layout-horizontal","owp-btn-normal","owp-tabs-layout-horizontal","has-no-thumbnails","has-product-nav"],"_links":{"self":[{"href":"https:\/\/www.steen.quebec\/index.php\/wp-json\/wp\/v2\/pages\/32","targetHints":{"allow":["GET"]}}],"collection":[{"href":"https:\/\/www.steen.quebec\/index.php\/wp-json\/wp\/v2\/pages"}],"about":[{"href":"https:\/\/www.steen.quebec\/index.php\/wp-json\/wp\/v2\/types\/page"}],"author":[{"embeddable":true,"href":"https:\/\/www.steen.quebec\/index.php\/wp-json\/wp\/v2\/users\/1"}],"replies":[{"embeddable":true,"href":"https:\/\/www.steen.quebec\/index.php\/wp-json\/wp\/v2\/comments?post=32"}],"version-history":[{"count":283,"href":"https:\/\/www.steen.quebec\/index.php\/wp-json\/wp\/v2\/pages\/32\/revisions"}],"predecessor-version":[{"id":1643,"href":"https:\/\/www.steen.quebec\/index.php\/wp-json\/wp\/v2\/pages\/32\/revisions\/1643"}],"wp:attachment":[{"href":"https:\/\/www.steen.quebec\/index.php\/wp-json\/wp\/v2\/media?parent=32"}],"curies":[{"name":"wp","href":"https:\/\/api.w.org\/{rel}","templated":true}]}}