{"id":959,"date":"2022-05-25T21:31:26","date_gmt":"2022-05-26T01:31:26","guid":{"rendered":"https:\/\/www.steen.quebec\/?page_id=959"},"modified":"2024-10-16T07:47:43","modified_gmt":"2024-10-16T11:47:43","slug":"assurance","status":"publish","type":"page","link":"https:\/\/www.steen.quebec\/index.php\/assurance\/","title":{"rendered":"Assurance"},"content":{"rendered":"<div id=\"pl-959\"  class=\"panel-layout\" ><div id=\"pg-959-0\"  class=\"panel-grid panel-no-style\" ><div id=\"pgc-959-0-0\"  class=\"panel-grid-cell panel-grid-cell-mobile-last\" ><div id=\"panel-959-0-0-0\" class=\"so-panel widget widget_sow-image panel-first-child panel-last-child\" data-index=\"0\" ><div\n\t\t\t\n\t\t\tclass=\"so-widget-sow-image so-widget-sow-image-default-8b5b6f678277-959\"\n\t\t\t\n\t\t><h3 class=\"widget-title\">cliquez ci-dessous pour Industriel Alliance<\/h3>\n<div class=\"sow-image-container\">\n\t\t\t<a href=\"https:\/\/clients.ia.ca\/account\/login?fromURI=https%3A%2F%2Flogin.service.ia.ca%2Fapp%2Fia-ia_extranetsiteminderclients_2%2Fexk1d12zt32HeLOEQ5d7%2Fsso%2Fsaml%3FRelayState%3Dafef12a0833eb42e85526cd08ff9ebeebb65bc7d\"\n\t\t\ttarget=\"_blank\" rel=\"noopener noreferrer\" \t\t>\n\t\t\t<img \n\tsrc=\"https:\/\/www.steen.quebec\/wp-content\/uploads\/2022\/06\/ia-768x402.jpg\" width=\"768\" height=\"402\" srcset=\"https:\/\/www.steen.quebec\/wp-content\/uploads\/2022\/06\/ia-768x402.jpg 768w, https:\/\/www.steen.quebec\/wp-content\/uploads\/2022\/06\/ia-300x157.jpg 300w, https:\/\/www.steen.quebec\/wp-content\/uploads\/2022\/06\/ia-600x314.jpg 600w, https:\/\/www.steen.quebec\/wp-content\/uploads\/2022\/06\/ia-400x209.jpg 400w, https:\/\/www.steen.quebec\/wp-content\/uploads\/2022\/06\/ia-1024x536.jpg 1024w, https:\/\/www.steen.quebec\/wp-content\/uploads\/2022\/06\/ia.jpg 1200w\" sizes=\"(max-width: 768px) 100vw, 768px\" title=\"cliquez ci-dessous pour Industriel Alliance\" alt=\"\" \t\tclass=\"so-widget-image\"\/>\n\t\t\t<\/a><\/div>\n\n<\/div><\/div><\/div><div id=\"pgc-959-0-1\"  class=\"panel-grid-cell panel-grid-cell-empty\" ><\/div><\/div><div id=\"pg-959-1\"  class=\"panel-grid panel-no-style\" ><div id=\"pgc-959-1-0\"  class=\"panel-grid-cell\" ><div id=\"panel-959-1-0-0\" class=\"so-panel widget widget_sow-image panel-first-child\" data-index=\"1\" ><div\n\t\t\t\n\t\t\tclass=\"so-widget-sow-image so-widget-sow-image-default-c67d20f9f743-959\"\n\t\t\t\n\t\t><h3 class=\"widget-title\">cliquez ci-dessous pour desjardins assurance vie (retrait\u00e9)<\/h3>\n<div class=\"sow-image-container\">\n\t\t\t<a href=\"\"\n\t\t\t\t\t>\n\t\t\t<img \n\tsrc=\"https:\/\/www.steen.quebec\/wp-content\/uploads\/2023\/02\/d15-desjardins-assurances-vie-sante-retraite-rgb-1024x428-1-768x321.jpg\" width=\"768\" height=\"321\" srcset=\"https:\/\/www.steen.quebec\/wp-content\/uploads\/2023\/02\/d15-desjardins-assurances-vie-sante-retraite-rgb-1024x428-1-768x321.jpg 768w, https:\/\/www.steen.quebec\/wp-content\/uploads\/2023\/02\/d15-desjardins-assurances-vie-sante-retraite-rgb-1024x428-1-400x167.jpg 400w, https:\/\/www.steen.quebec\/wp-content\/uploads\/2023\/02\/d15-desjardins-assurances-vie-sante-retraite-rgb-1024x428-1-300x125.jpg 300w, https:\/\/www.steen.quebec\/wp-content\/uploads\/2023\/02\/d15-desjardins-assurances-vie-sante-retraite-rgb-1024x428-1-600x251.jpg 600w, https:\/\/www.steen.quebec\/wp-content\/uploads\/2023\/02\/d15-desjardins-assurances-vie-sante-retraite-rgb-1024x428-1.jpg 1024w\" sizes=\"(max-width: 768px) 100vw, 768px\" title=\"cliquez ci-dessous pour desjardins assurance vie (retrait\u00e9)\" alt=\"Voici une suggestion pour nos nouveaux retrait\u00e9s qui se cherche une assurance compl\u00e9mentaire \u00e0 la RAMQ.\" \t\tclass=\"so-widget-image\"\/>\n\t\t\t<\/a><\/div>\n\n<\/div><\/div><div id=\"panel-959-1-0-1\" class=\"widget_text so-panel widget widget_custom_html panel-last-child\" data-index=\"2\" ><h3 class=\"widget-title\">Assurance 2022-2023<\/h3><div class=\"textwidget custom-html-widget\"><div class=\"_df_book df-lite\" id=\"df_1164\"  _slug=\"assurance-2022\" data-title=\"assurance\" wpoptions=\"true\" thumbtype=\"\" ><\/div><script class=\"df-shortcode-script\" nowprocket type=\"application\/javascript\">window.option_df_1164 = {\"outline\":[],\"autoEnableOutline\":\"false\",\"autoEnableThumbnail\":\"false\",\"overwritePDFOutline\":\"false\",\"direction\":\"1\",\"pageSize\":\"0\",\"source\":\"https:\\\/\\\/www.steen.quebec\\\/wp-content\\\/uploads\\\/2025\\\/01\\\/STEEN-94027-IA-Livret-cat.-100-Employes-01-2025-FR.pdf\",\"wpOptions\":\"true\"}; if(window.DFLIP && window.DFLIP.parseBooks){window.DFLIP.parseBooks();}<\/script><\/div><\/div><\/div><\/div><\/div>","protected":false},"excerpt":{"rendered":"<p>cliquez ci-dessous pour Industriel Alliance cliquez ci-dessous pour desjardins assurance vie (retrait\u00e9) Assurance 2022-2023<\/p>\n","protected":false},"author":6,"featured_media":0,"parent":0,"menu_order":0,"comment_status":"closed","ping_status":"closed","template":"","meta":{"footnotes":"","_links_to":"","_links_to_target":""},"class_list":["post-959","page","type-page","status-publish","hentry","entry","owp-thumbs-layout-horizontal","owp-btn-normal","owp-tabs-layout-horizontal","has-no-thumbnails","has-product-nav"],"_links":{"self":[{"href":"https:\/\/www.steen.quebec\/index.php\/wp-json\/wp\/v2\/pages\/959","targetHints":{"allow":["GET"]}}],"collection":[{"href":"https:\/\/www.steen.quebec\/index.php\/wp-json\/wp\/v2\/pages"}],"about":[{"href":"https:\/\/www.steen.quebec\/index.php\/wp-json\/wp\/v2\/types\/page"}],"author":[{"embeddable":true,"href":"https:\/\/www.steen.quebec\/index.php\/wp-json\/wp\/v2\/users\/6"}],"replies":[{"embeddable":true,"href":"https:\/\/www.steen.quebec\/index.php\/wp-json\/wp\/v2\/comments?post=959"}],"version-history":[{"count":31,"href":"https:\/\/www.steen.quebec\/index.php\/wp-json\/wp\/v2\/pages\/959\/revisions"}],"predecessor-version":[{"id":1798,"href":"https:\/\/www.steen.quebec\/index.php\/wp-json\/wp\/v2\/pages\/959\/revisions\/1798"}],"wp:attachment":[{"href":"https:\/\/www.steen.quebec\/index.php\/wp-json\/wp\/v2\/media?parent=959"}],"curies":[{"name":"wp","href":"https:\/\/api.w.org\/{rel}","templated":true}]}}